{"id":650,"date":"2023-06-21T11:29:38","date_gmt":"2023-06-21T11:29:38","guid":{"rendered":"https:\/\/securesignaledge.com\/contact-us\/"},"modified":"2025-07-03T10:03:07","modified_gmt":"2025-07-03T10:03:07","slug":"contact-us","status":"publish","type":"page","link":"https:\/\/securesignaledge.com\/cs\/contact-us\/","title":{"rendered":"Kontaktujte n\u00e1s"},"content":{"rendered":"<p>Pot\u0159ebujete pomoc nebo m\u00e1te ot\u00e1zky? N\u00e1\u0161 t\u00fdm je p\u0159ipraven v\u00e1m pomoci. Zde je, jak n\u00e1s m\u016f\u017eete kontaktovat:<br \/>\nKontaktn\u00ed informace<br \/>\nObchodn\u00ed z\u00e1le\u017eitosti:<br \/>\nPro partnerstv\u00ed, dotazy m\u00e9di\u00ed nebo dal\u0161\u00ed obchodn\u00ed z\u00e1le\u017eitosti:<br \/>\nbusiness@securesignaledge.com<br \/>\nZ\u00e1kaznick\u00e1 podpora:<br \/>\nPro jakoukoli pomoc nebo obecn\u00e9 dotazy:<br \/>\nsupport@securesignaledge.com<\/p>\n","protected":false},"excerpt":{"rendered":"<p>Pot\u0159ebujete pomoc nebo m\u00e1te ot\u00e1zky? N\u00e1\u0161 t\u00fdm je p\u0159ipraven v\u00e1m pomoci. Zde je, jak n\u00e1s m\u016f\u017eete kontaktovat: Kontaktn\u00ed informace Obchodn\u00ed z\u00e1le\u017eitosti: Pro partnerstv\u00ed, dotazy m\u00e9di\u00ed nebo dal\u0161\u00ed obchodn\u00ed z\u00e1le\u017eitosti: business@securesignaledge.com Z\u00e1kaznick\u00e1 podpora: Pro jakoukoli pomoc nebo obecn\u00e9 dotazy: support@securesignaledge.com<\/p>\n","protected":false},"author":2,"featured_media":0,"parent":0,"menu_order":0,"comment_status":"closed","ping_status":"closed","template":"page-contact.php","meta":{"footnotes":""},"class_list":["post-650","page","type-page","status-publish","hentry"],"yoast_head":"<!-- This site is optimized with the Yoast SEO plugin v25.6 - https:\/\/yoast.com\/wordpress\/plugins\/seo\/ -->\n<title>Secure Signal Edge \u2122 | Offici\u00eble website 2026 | Claim nu!<\/title>\n<meta name=\"robots\" content=\"index, follow, max-snippet:-1, max-image-preview:large, max-video-preview:-1\" \/>\n<meta property=\"og:locale\" content=\"cs_CZ\" \/>\n<meta property=\"og:site_name\" content=\"Secure Signal Edge\" \/>\n<meta property=\"article:modified_time\" content=\"2025-07-03T10:03:07+00:00\" \/>\n<meta name=\"twitter:card\" content=\"summary_large_image\" \/>\n<meta name=\"twitter:label1\" content=\"Odhadovan\u00e1 doba \u010dten\u00ed\" \/>\n\t<meta name=\"twitter:data1\" content=\"1 minuta\" \/>\n<!-- \/ Yoast SEO plugin. -->","yoast_head_json":{"title":"Secure Signal Edge \u2122 | Offici\u00eble website 2026 | Claim nu!","robots":{"index":"index","follow":"follow","max-snippet":"max-snippet:-1","max-image-preview":"max-image-preview:large","max-video-preview":"max-video-preview:-1"},"og_locale":"cs_CZ","og_site_name":"Secure Signal Edge","article_modified_time":"2025-07-03T10:03:07+00:00","twitter_card":"summary_large_image","twitter_misc":{"Odhadovan\u00e1 doba \u010dten\u00ed":"1 minuta"},"schema":{"@context":"https:\/\/schema.org","@graph":[{"@type":"WebPage","@id":"https:\/\/securesignaledge.com\/cs\/contact-us\/","url":"https:\/\/securesignaledge.com\/cs\/contact-us\/","name":"Kontaktujte n\u00e1s - Secure Signal Edge","isPartOf":{"@id":"https:\/\/securesignaledge.com\/#website"},"datePublished":"2023-06-21T11:29:38+00:00","dateModified":"2025-07-03T10:03:07+00:00","breadcrumb":{"@id":"https:\/\/securesignaledge.com\/cs\/contact-us\/#breadcrumb"},"inLanguage":"cs","potentialAction":[{"@type":"ReadAction","target":["https:\/\/securesignaledge.com\/cs\/contact-us\/"]}]},{"@type":"BreadcrumbList","@id":"https:\/\/securesignaledge.com\/cs\/contact-us\/#breadcrumb","itemListElement":[{"@type":"ListItem","position":1,"name":"Home","item":"https:\/\/securesignaledge.com\/"},{"@type":"ListItem","position":2,"name":"Kontaktujte n\u00e1s"}]},{"@type":"WebSite","@id":"https:\/\/securesignaledge.com\/#website","url":"https:\/\/securesignaledge.com\/","name":"Easy Edge Index","description":"Master Trading, Maximize Earnings [2025]","potentialAction":[{"@type":"SearchAction","target":{"@type":"EntryPoint","urlTemplate":"https:\/\/securesignaledge.com\/?s={search_term_string}"},"query-input":{"@type":"PropertyValueSpecification","valueRequired":true,"valueName":"search_term_string"}}],"inLanguage":"cs"}]}},"_links":{"self":[{"href":"https:\/\/securesignaledge.com\/cs\/wp-json\/wp\/v2\/pages\/650","targetHints":{"allow":["GET"]}}],"collection":[{"href":"https:\/\/securesignaledge.com\/cs\/wp-json\/wp\/v2\/pages"}],"about":[{"href":"https:\/\/securesignaledge.com\/cs\/wp-json\/wp\/v2\/types\/page"}],"author":[{"embeddable":true,"href":"https:\/\/securesignaledge.com\/cs\/wp-json\/wp\/v2\/users\/2"}],"replies":[{"embeddable":true,"href":"https:\/\/securesignaledge.com\/cs\/wp-json\/wp\/v2\/comments?post=650"}],"version-history":[{"count":1,"href":"https:\/\/securesignaledge.com\/cs\/wp-json\/wp\/v2\/pages\/650\/revisions"}],"predecessor-version":[{"id":663,"href":"https:\/\/securesignaledge.com\/cs\/wp-json\/wp\/v2\/pages\/650\/revisions\/663"}],"wp:attachment":[{"href":"https:\/\/securesignaledge.com\/cs\/wp-json\/wp\/v2\/media?parent=650"}],"curies":[{"name":"wp","href":"https:\/\/api.w.org\/{rel}","templated":true}]}}