{"id":766,"date":"2023-06-21T11:29:38","date_gmt":"2023-06-21T11:29:38","guid":{"rendered":"https:\/\/securesignaledge.com\/about-us\/"},"modified":"2025-08-04T16:26:56","modified_gmt":"2025-08-04T16:26:56","slug":"about-us","status":"publish","type":"page","link":"https:\/\/securesignaledge.com\/cs\/about-us\/","title":{"rendered":"O obchodn\u00edm botovi [XYZ]"},"content":{"rendered":"<h2 class=\"text-xl font-bold text-text-100 mt-1 -mb-0.5\">Va\u0161e automatizovan\u00e9 \u0159e\u0161en\u00ed pro zisk z\u00a0kryptom\u011bn<\/h2>\n<p class=\"whitespace-pre-wrap break-words\">Secure Signal Edge je v\u00e1\u0161 inteligentn\u00ed partner pro automatizovan\u00e9 obchodov\u00e1n\u00ed s kryptom\u011bnami. Umo\u017e\u0148ujeme b\u011b\u017en\u00fdm investor\u016fm vyu\u017e\u00edvat pokro\u010dil\u00e9 AI technologie, kter\u00e9 generuj\u00ed zisky z kryptotrh\u016f bez nutnosti let zku\u0161enost\u00ed s obchodov\u00e1n\u00edm. A\u0165 u\u017e jste v kryptom\u011bn\u00e1ch nov\u00e1\u010dkem, nebo v\u00e1s vy\u010derp\u00e1v\u00e1 manu\u00e1ln\u00ed obchodov\u00e1n\u00ed, my se postar\u00e1me o slo\u017eitosti, zat\u00edmco vy skl\u00edz\u00edte v\u00fdsledky.<\/p>\n<h2 class=\"text-xl font-bold text-text-100 mt-1 -mb-0.5\">N\u00e1\u0161 p\u0159\u00edb\u011bh<\/h2>\n<p class=\"whitespace-pre-wrap break-words\">Secure Signal Edge zalo\u017eil t\u00fdm \u00fasp\u011b\u0161n\u00fdch obchodn\u00edk\u016f, v\u00fdvoj\u00e1\u0159\u016f AI a odborn\u00edk\u016f na finan\u010dn\u00ed technologie sjednocen\u00fdch jednou viz\u00ed: zp\u0159\u00edstupnit zisky z kryptom\u011bn v\u0161em pomoc\u00ed inteligentn\u00ed automatizace.<\/p>\n<p class=\"whitespace-pre-wrap break-words\">Rozpoznali jsme z\u00e1sadn\u00ed probl\u00e9m v obchodov\u00e1n\u00ed s kryptem. P\u0159es obrovsk\u00fd ziskov\u00fd potenci\u00e1l v\u011bt\u0161ina lid\u00ed postr\u00e1dala \u010das, znalosti nebo dostate\u010dnou emo\u010dn\u00ed discipl\u00ednu ke zvl\u00e1dnut\u00ed volatiln\u00edch trh\u016f. Tradi\u010dn\u00ed obchodov\u00e1n\u00ed vy\u017eadovalo st\u00e1lou pozornost, slo\u017eit\u00e9 anal\u00fdzy a roky zku\u0161enost\u00ed. Vytvo\u0159ili jsme Secure Signal Edge, abychom tyto bari\u00e9ry odstranili.<\/p>\n<p class=\"whitespace-pre-wrap break-words\">Na\u0161e platforma spojuje pokro\u010dilou um\u011blou inteligenci s ov\u011b\u0159en\u00fdmi obchodn\u00edmi algoritmy. Dnes je Secure Signal Edge d\u016fv\u011bryhodn\u00fdm jm\u00e9nem v automatizovan\u00e9m obchodov\u00e1n\u00ed s kryptom\u011bnami a pr\u016fb\u011b\u017en\u011b generuje zisky pro na\u0161i rostouc\u00ed glob\u00e1ln\u00ed komunitu spokojen\u00fdch investor\u016f.<\/p>\n<h2 class=\"text-xl font-bold text-text-100 mt-1 -mb-0.5\">P\u0159\u00edle\u017eitost kryptom\u011bn<\/h2>\n<p class=\"whitespace-pre-wrap break-words\">Bitcoin byl spu\u0161t\u011bn v roce 2009 Satoshim Nakamotem s revolu\u010dn\u00ed viz\u00ed: decentralizovan\u00e1 digit\u00e1ln\u00ed m\u011bna funguj\u00edc\u00ed nez\u00e1visle na tradi\u010dn\u00edch bankovn\u00edch syst\u00e9mech.<\/p>\n<p class=\"whitespace-pre-wrap break-words\">Tato inovace p\u0159inesla dosud nepoznan\u00e9 p\u0159\u00edle\u017eitosti ke zisku d\u00edky extr\u00e9mn\u00ed volatilit\u011b cen. Kryptom\u011bnov\u00fd trh se pot\u00e9 rychle roz\u0161\u00ed\u0159il:<\/p>\n<p class=\"whitespace-pre-wrap break-words\">Ethereum umo\u017enilo chytr\u00e9 kontrakty a decentralizovan\u00e9 finance. Litecoin, Ripple i Cardano p\u0159inesly sv\u00e9 unik\u00e1tn\u00ed hodnotov\u00e9 nab\u00eddky, \u010d\u00edm\u017e zn\u00e1sobily potenci\u00e1l zisku nap\u0159\u00ed\u010d r\u016fzn\u00fdmi digit\u00e1ln\u00edmi aktivy.<\/p>\n<p class=\"whitespace-pre-wrap break-words\">Dnes tis\u00edce kryptom\u011bn nab\u00edzej\u00ed 24\/7 obchodn\u00ed p\u0159\u00edle\u017eitosti, kter\u00e9 Secure Signal Edge automaticky vyu\u017e\u00edv\u00e1 pro maxim\u00e1ln\u00ed zisk.<\/p>\n<h2 class=\"text-xl font-bold text-text-100 mt-1 -mb-0.5\">T\u0159i pil\u00ed\u0159e automatizovan\u00e9ho \u00fasp\u011bchu<\/h2>\n<h3 class=\"text-lg font-bold text-text-100 mt-1 -mb-1.5\">Automatizace: Technologie, kter\u00e1 nikdy nesp\u00ed<\/h3>\n<p class=\"whitespace-pre-wrap break-words\">N\u00e1\u0161 inteligentn\u00ed syst\u00e9m pracuje nep\u0159etr\u017eit\u011b na glob\u00e1ln\u00edch kryptotrz\u00edch:<\/p>\n<ul class=\"[&amp;:not(:last-child)_ul]:pb-1 [&amp;:not(:last-child)_ol]:pb-1 list-disc space-y-1.5 pl-7\">\n<li class=\"whitespace-normal break-words\">Anal\u00fdza trhu: Nep\u0159etr\u017eit\u00e9 vyhled\u00e1v\u00e1n\u00ed ziskov\u00fdch p\u0159\u00edle\u017eitost\u00ed v re\u00e1ln\u00e9m \u010dase<\/li>\n<li class=\"whitespace-normal break-words\">Chytr\u00e9 proveden\u00ed: Automatick\u00e9 uzav\u00edr\u00e1n\u00ed obchod\u016f v optim\u00e1ln\u00edch okam\u017eic\u00edch<\/li>\n<li class=\"whitespace-normal break-words\">Ochrana proti riziku: Vestav\u011bn\u00e9 ochrany minimalizuj\u00ed mo\u017enost v\u00fdrazn\u00fdch ztr\u00e1t<\/li>\n<li class=\"whitespace-normal break-words\">Optimalizace zisku: Pr\u016fb\u011b\u017en\u00e9 lad\u011bn\u00ed strategi\u00ed pro maxim\u00e1ln\u00ed v\u00fdnosy<\/li>\n<\/ul>\n<p class=\"whitespace-pre-wrap break-words\">Postupujte od nulov\u00fdch znalost\u00ed a\u017e ke stabiln\u00edm zisk\u016fm zcela automatizovan\u011b.<\/p>\n<h3 class=\"text-lg font-bold text-text-100 mt-1 -mb-1.5\">Podpora: Jsme zde v\u017edy, kdy\u017e n\u00e1s pot\u0159ebujete<\/h3>\n<p class=\"whitespace-pre-wrap break-words\">Sta\u0148te se sou\u010d\u00e1st\u00ed na\u0161\u00ed \u00fasp\u011b\u0161n\u00e9 komunity automatizovan\u00fdch investor\u016f prost\u0159ednictv\u00edm:<\/p>\n<ul class=\"[&amp;:not(:last-child)_ul]:pb-1 [&amp;:not(:last-child)_ol]:pb-1 list-disc space-y-1.5 pl-7\">\n<li class=\"whitespace-normal break-words\">Nonstop z\u00e1kaznick\u00e9 podpory<\/li>\n<li class=\"whitespace-normal break-words\">Asistence p\u0159i prvn\u00edm nastaven\u00ed pro nov\u00e9 u\u017eivatele<\/li>\n<li class=\"whitespace-normal break-words\">Technick\u00e1 podpora p\u0159i jak\u00fdchkoliv pot\u00ed\u017e\u00edch<\/li>\n<li class=\"whitespace-normal break-words\">P\u0159\u00edb\u011bhy o \u00fasp\u011bchu od spokojen\u00fdch a ziskov\u00fdch \u010dlen\u016f<\/li>\n<\/ul>\n<p class=\"whitespace-pre-wrap break-words\">Na\u0161i odborn\u00edci v\u00e1m jsou kdykoliv k dispozici, bez pot\u0159eby slo\u017eit\u00e9ho za\u0161kolov\u00e1n\u00ed.<\/p>\n<h3 class=\"text-lg font-bold text-text-100 mt-1 -mb-1.5\">V\u00fdsledky: Va\u0161e cesta ke svobod\u011b<\/h3>\n<p class=\"whitespace-pre-wrap break-words\">Secure Signal Edge p\u0159in\u00e1\u0161\u00ed st\u00e1l\u00e9 v\u00fdsledky d\u00edky inteligentn\u00ed automatizaci:<\/p>\n<ul class=\"[&amp;:not(:last-child)_ul]:pb-1 [&amp;:not(:last-child)_ol]:pb-1 list-disc space-y-1.5 pl-7\">\n<li class=\"whitespace-normal break-words\">Pasivn\u00ed p\u0159\u00edjem: Vyd\u011bl\u00e1vejte b\u011bhem sp\u00e1nku, v pr\u00e1ci i na cest\u00e1ch<\/li>\n<li class=\"whitespace-normal break-words\">Obchodov\u00e1n\u00ed bez stresu: Bez emoc\u00ed i nutnosti sledovat trhy<\/li>\n<li class=\"whitespace-normal break-words\">Diverzifikovan\u00e9 zisky: Automatizovan\u00e9 obchodov\u00e1n\u00ed s v\u00edce kryptom\u011bnami<\/li>\n<li class=\"whitespace-normal break-words\">\u0160k\u00e1lovateln\u00e9 v\u00fdnosy: Zvy\u0161ujte v\u00fdd\u011blky p\u0159id\u00e1v\u00e1n\u00edm kapit\u00e1lu podle dosa\u017een\u00fdch v\u00fdsledk\u016f<\/li>\n<\/ul>\n<p class=\"whitespace-pre-wrap break-words\">Nab\u00edz\u00edme v\u00e1m v\u00edce ne\u017e jen software\u2014otev\u00edr\u00e1me v\u00e1m br\u00e1nu k bohatstv\u00ed v kryptu.<\/p>\n<h2 class=\"text-xl font-bold text-text-100 mt-1 -mb-0.5\">Za\u010dn\u011bte vyd\u011bl\u00e1vat je\u0161t\u011b dnes<\/h2>\n<p class=\"whitespace-pre-wrap break-words\">Bez ohledu na va\u0161e zku\u0161enosti v\u00e1m Secure Signal Edge umo\u017en\u00ed automaticky vyd\u011bl\u00e1vat na kryptom\u011bn\u00e1ch. P\u0159idejte se k na\u0161\u00ed glob\u00e1ln\u00ed komunit\u011b a odemkn\u011bte sv\u016fj finan\u010dn\u00ed potenci\u00e1l d\u00edky inteligentn\u00ed automatizaci obchodov\u00e1n\u00ed s kryptom\u011bnami.<\/p>\n","protected":false},"excerpt":{"rendered":"<p>Va\u0161e automatizovan\u00e9 \u0159e\u0161en\u00ed pro zisk z\u00a0kryptom\u011bn je v\u00e1\u0161 inteligentn\u00ed partner pro automatizovan\u00e9 obchodov\u00e1n\u00ed s kryptom\u011bnami. Umo\u017e\u0148ujeme b\u011b\u017en\u00fdm investor\u016fm vyu\u017e\u00edvat pokro\u010dil\u00e9 AI technologie, kter\u00e9 generuj\u00ed zisky z kryptotrh\u016f bez nutnosti let zku\u0161enost\u00ed s obchodov\u00e1n\u00edm. A\u0165 u\u017e jste v kryptom\u011bn\u00e1ch nov\u00e1\u010dkem, nebo v\u00e1s vy\u010derp\u00e1v\u00e1 manu\u00e1ln\u00ed obchodov\u00e1n\u00ed, my se postar\u00e1me o slo\u017eitosti, zat\u00edmco vy skl\u00edz\u00edte v\u00fdsledky. N\u00e1\u0161 p\u0159\u00edb\u011bh [&hellip;]<\/p>\n","protected":false},"author":2,"featured_media":0,"parent":0,"menu_order":0,"comment_status":"closed","ping_status":"closed","template":"page-about.php","meta":{"footnotes":""},"class_list":["post-766","page","type-page","status-publish","hentry"],"yoast_head":"<!-- This site is optimized with the Yoast SEO plugin v25.6 - https:\/\/yoast.com\/wordpress\/plugins\/seo\/ -->\n<title>Secure Signal Edge \u2122 | Offici\u00eble website 2026 | Claim nu!<\/title>\n<meta name=\"robots\" content=\"index, follow, max-snippet:-1, max-image-preview:large, max-video-preview:-1\" \/>\n<meta property=\"og:locale\" content=\"cs_CZ\" \/>\n<meta property=\"og:site_name\" content=\"Secure Signal Edge\" \/>\n<meta property=\"article:modified_time\" content=\"2025-08-04T16:26:56+00:00\" \/>\n<meta name=\"twitter:card\" content=\"summary_large_image\" \/>\n<meta name=\"twitter:label1\" content=\"Odhadovan\u00e1 doba \u010dten\u00ed\" \/>\n\t<meta name=\"twitter:data1\" content=\"2 minuty\" \/>\n<!-- \/ Yoast SEO plugin. -->","yoast_head_json":{"title":"Secure Signal Edge \u2122 | Offici\u00eble website 2026 | Claim nu!","robots":{"index":"index","follow":"follow","max-snippet":"max-snippet:-1","max-image-preview":"max-image-preview:large","max-video-preview":"max-video-preview:-1"},"og_locale":"cs_CZ","og_site_name":"Secure Signal Edge","article_modified_time":"2025-08-04T16:26:56+00:00","twitter_card":"summary_large_image","twitter_misc":{"Odhadovan\u00e1 doba \u010dten\u00ed":"2 minuty"},"schema":{"@context":"https:\/\/schema.org","@graph":[{"@type":"WebPage","@id":"https:\/\/securesignaledge.com\/about-us\/","url":"https:\/\/securesignaledge.com\/about-us\/","name":"O obchodn\u00edm botovi [XYZ] - Secure Signal Edge","isPartOf":{"@id":"https:\/\/securesignaledge.com\/#website"},"datePublished":"2023-06-21T11:29:38+00:00","dateModified":"2025-08-04T16:26:56+00:00","breadcrumb":{"@id":"https:\/\/securesignaledge.com\/about-us\/#breadcrumb"},"inLanguage":"cs","potentialAction":[{"@type":"ReadAction","target":["https:\/\/securesignaledge.com\/about-us\/"]}]},{"@type":"BreadcrumbList","@id":"https:\/\/securesignaledge.com\/about-us\/#breadcrumb","itemListElement":[{"@type":"ListItem","position":1,"name":"Home","item":"https:\/\/securesignaledge.com\/"},{"@type":"ListItem","position":2,"name":"O obchodn\u00edm botovi [XYZ]"}]},{"@type":"WebSite","@id":"https:\/\/securesignaledge.com\/#website","url":"https:\/\/securesignaledge.com\/","name":"Easy Edge Index","description":"Master Trading, Maximize Earnings [2025]","potentialAction":[{"@type":"SearchAction","target":{"@type":"EntryPoint","urlTemplate":"https:\/\/securesignaledge.com\/?s={search_term_string}"},"query-input":{"@type":"PropertyValueSpecification","valueRequired":true,"valueName":"search_term_string"}}],"inLanguage":"cs"}]}},"_links":{"self":[{"href":"https:\/\/securesignaledge.com\/cs\/wp-json\/wp\/v2\/pages\/766","targetHints":{"allow":["GET"]}}],"collection":[{"href":"https:\/\/securesignaledge.com\/cs\/wp-json\/wp\/v2\/pages"}],"about":[{"href":"https:\/\/securesignaledge.com\/cs\/wp-json\/wp\/v2\/types\/page"}],"author":[{"embeddable":true,"href":"https:\/\/securesignaledge.com\/cs\/wp-json\/wp\/v2\/users\/2"}],"replies":[{"embeddable":true,"href":"https:\/\/securesignaledge.com\/cs\/wp-json\/wp\/v2\/comments?post=766"}],"version-history":[{"count":1,"href":"https:\/\/securesignaledge.com\/cs\/wp-json\/wp\/v2\/pages\/766\/revisions"}],"predecessor-version":[{"id":779,"href":"https:\/\/securesignaledge.com\/cs\/wp-json\/wp\/v2\/pages\/766\/revisions\/779"}],"wp:attachment":[{"href":"https:\/\/securesignaledge.com\/cs\/wp-json\/wp\/v2\/media?parent=766"}],"curies":[{"name":"wp","href":"https:\/\/api.w.org\/{rel}","templated":true}]}}