{"id":651,"date":"2023-06-21T11:29:38","date_gmt":"2023-06-21T11:29:38","guid":{"rendered":"https:\/\/securesignaledge.com\/contact-us\/"},"modified":"2025-07-03T10:03:09","modified_gmt":"2025-07-03T10:03:09","slug":"contact-us","status":"publish","type":"page","link":"https:\/\/securesignaledge.com\/da\/contact-us\/","title":{"rendered":"Kontakt os"},"content":{"rendered":"<p>Har du brug for hj\u00e6lp eller har du sp\u00f8rgsm\u00e5l? Vores team st\u00e5r klar til at hj\u00e6lpe dig. S\u00e5dan kontakter du os:<br \/>\nKontaktinformation<br \/>\nForretningshenvendelser:<br \/>\nFor partnerskaber, mediehenvendelser eller andre forretningsrelaterede sp\u00f8rgsm\u00e5l:<br \/>\nbusiness@securesignaledge.com<br \/>\nKundesupport:<br \/>\nFor assistance eller generelle sp\u00f8rgsm\u00e5l:<br \/>\nsupport@securesignaledge.com<\/p>\n","protected":false},"excerpt":{"rendered":"<p>Har du brug for hj\u00e6lp eller har du sp\u00f8rgsm\u00e5l? Vores team st\u00e5r klar til at hj\u00e6lpe dig. S\u00e5dan kontakter du os: Kontaktinformation Forretningshenvendelser: For partnerskaber, mediehenvendelser eller andre forretningsrelaterede sp\u00f8rgsm\u00e5l: business@securesignaledge.com Kundesupport: For assistance eller generelle sp\u00f8rgsm\u00e5l: support@securesignaledge.com<\/p>\n","protected":false},"author":2,"featured_media":0,"parent":0,"menu_order":0,"comment_status":"closed","ping_status":"closed","template":"page-contact.php","meta":{"footnotes":""},"class_list":["post-651","page","type-page","status-publish","hentry"],"yoast_head":"<!-- This site is optimized with the Yoast SEO plugin v25.6 - https:\/\/yoast.com\/wordpress\/plugins\/seo\/ -->\n<title>Secure Signal Edge \u2122 | Offici\u00eble website 2026 | Claim nu!<\/title>\n<meta name=\"robots\" content=\"index, follow, max-snippet:-1, max-image-preview:large, max-video-preview:-1\" \/>\n<meta property=\"og:locale\" content=\"da_DK\" \/>\n<meta property=\"og:site_name\" content=\"Secure Signal Edge\" \/>\n<meta property=\"article:modified_time\" content=\"2025-07-03T10:03:09+00:00\" \/>\n<meta name=\"twitter:card\" content=\"summary_large_image\" \/>\n<!-- \/ Yoast SEO plugin. -->","yoast_head_json":{"title":"Secure Signal Edge \u2122 | Offici\u00eble website 2026 | Claim nu!","robots":{"index":"index","follow":"follow","max-snippet":"max-snippet:-1","max-image-preview":"max-image-preview:large","max-video-preview":"max-video-preview:-1"},"og_locale":"da_DK","og_site_name":"Secure Signal Edge","article_modified_time":"2025-07-03T10:03:09+00:00","twitter_card":"summary_large_image","schema":{"@context":"https:\/\/schema.org","@graph":[{"@type":"WebPage","@id":"https:\/\/securesignaledge.com\/da\/contact-us\/","url":"https:\/\/securesignaledge.com\/da\/contact-us\/","name":"Kontakt os - Secure Signal Edge","isPartOf":{"@id":"https:\/\/securesignaledge.com\/#website"},"datePublished":"2023-06-21T11:29:38+00:00","dateModified":"2025-07-03T10:03:09+00:00","breadcrumb":{"@id":"https:\/\/securesignaledge.com\/da\/contact-us\/#breadcrumb"},"inLanguage":"da-DK","potentialAction":[{"@type":"ReadAction","target":["https:\/\/securesignaledge.com\/da\/contact-us\/"]}]},{"@type":"BreadcrumbList","@id":"https:\/\/securesignaledge.com\/da\/contact-us\/#breadcrumb","itemListElement":[{"@type":"ListItem","position":1,"name":"Home","item":"https:\/\/securesignaledge.com\/"},{"@type":"ListItem","position":2,"name":"Kontakt os"}]},{"@type":"WebSite","@id":"https:\/\/securesignaledge.com\/#website","url":"https:\/\/securesignaledge.com\/","name":"Easy Edge Index","description":"Master Trading, Maximize Earnings [2025]","potentialAction":[{"@type":"SearchAction","target":{"@type":"EntryPoint","urlTemplate":"https:\/\/securesignaledge.com\/?s={search_term_string}"},"query-input":{"@type":"PropertyValueSpecification","valueRequired":true,"valueName":"search_term_string"}}],"inLanguage":"da-DK"}]}},"_links":{"self":[{"href":"https:\/\/securesignaledge.com\/da\/wp-json\/wp\/v2\/pages\/651","targetHints":{"allow":["GET"]}}],"collection":[{"href":"https:\/\/securesignaledge.com\/da\/wp-json\/wp\/v2\/pages"}],"about":[{"href":"https:\/\/securesignaledge.com\/da\/wp-json\/wp\/v2\/types\/page"}],"author":[{"embeddable":true,"href":"https:\/\/securesignaledge.com\/da\/wp-json\/wp\/v2\/users\/2"}],"replies":[{"embeddable":true,"href":"https:\/\/securesignaledge.com\/da\/wp-json\/wp\/v2\/comments?post=651"}],"version-history":[{"count":1,"href":"https:\/\/securesignaledge.com\/da\/wp-json\/wp\/v2\/pages\/651\/revisions"}],"predecessor-version":[{"id":664,"href":"https:\/\/securesignaledge.com\/da\/wp-json\/wp\/v2\/pages\/651\/revisions\/664"}],"wp:attachment":[{"href":"https:\/\/securesignaledge.com\/da\/wp-json\/wp\/v2\/media?parent=651"}],"curies":[{"name":"wp","href":"https:\/\/api.w.org\/{rel}","templated":true}]}}