{"id":691,"date":"2023-06-21T10:53:05","date_gmt":"2023-06-21T10:53:05","guid":{"rendered":"https:\/\/securesignaledge.com\/privacy-policy\/"},"modified":"2025-07-03T12:06:06","modified_gmt":"2025-07-03T12:06:06","slug":"privacy-policy","status":"publish","type":"page","link":"https:\/\/securesignaledge.com\/da\/privacy-policy\/","title":{"rendered":"Privatlivspolitik"},"content":{"rendered":"\r\n<h2 class=\"wp-block-heading\">Hvem vi er<\/h2>\r\n\r\n\r\n\r\n<p><strong class=\"privacy-policy-tutorial\">Foresl\u00e5et tekst: <\/strong>Vores webadresse er: https:\/\/securesignaledge.com.<\/p>\r\n\r\n\r\n\r\n<h2 class=\"wp-block-heading\">Kommentarer<\/h2>\r\n\r\n\r\n\r\n<p><strong class=\"privacy-policy-tutorial\">Foresl\u00e5et tekst: <\/strong>N\u00e5r bes\u00f8gende skriver kommentarer p\u00e5 siden, indsamler vi de data, som vises i kommentarfeltet, samt bes\u00f8gendes IP-adresse og browserens user agent string for at hj\u00e6lpe med at opdage spam.<\/p>\r\n\r\n\r\n\r\n<p>En anonymiseret streng, der er oprettet ud fra din e-mailadresse (ogs\u00e5 kaldet en hash), kan blive videregivet til Gravatar-tjenesten for at se, om du bruger den. Gravatars privatlivspolitik kan findes her: https:\/\/automattic.com\/privacy\/. Efter at din kommentar er godkendt, vil dit profilbillede v\u00e6re synligt for offentligheden i forbindelse med din kommentar.<\/p>\r\n\r\n\r\n\r\n<h2 class=\"wp-block-heading\">Media<\/h2>\r\n\r\n\r\n\r\n<p><strong class=\"privacy-policy-tutorial\">Foresl\u00e5et tekst: <\/strong>Hvis du uploader billeder til websitet, b\u00f8r du undg\u00e5 at uploade billeder med indlejrede lokalitetsdata (EXIF GPS). Bes\u00f8gende kan downloade og udtr\u00e6kke lokalitetsdata fra billeder p\u00e5 websitet.<\/p>\r\n\r\n\r\n\r\n<h2 class=\"wp-block-heading\">Cookies<\/h2>\r\n\r\n\r\n\r\n<p><strong class=\"privacy-policy-tutorial\">Foresl\u00e5et tekst: <\/strong>Hvis du skriver en kommentar p\u00e5 vores side, kan du v\u00e6lge at gemme dit navn, din e-mailadresse og dit website i cookies. Disse er til din bekvemmelighed, s\u00e5 du ikke skal udfylde dine oplysninger igen, n\u00e6ste gang du skriver en kommentar. Disse cookies varer i \u00e9t \u00e5r.<\/p>\r\n\r\n\r\n\r\n<p>Hvis du bes\u00f8ger vores login-side, opretter vi en midlertidig cookie for at afg\u00f8re, om din browser accepterer cookies. Denne cookie indeholder ingen personlige data og slettes, n\u00e5r du lukker din browser.<\/p>\r\n\r\n\r\n\r\n<p>N\u00e5r du logger ind, ops\u00e6tter vi desuden flere cookies til at gemme dine loginoplysninger og dine valg af sk\u00e6rmindstillinger. Login-cookies varer i to dage, og cookies til sk\u00e6rmindstillinger varer i \u00e9t \u00e5r. Hvis du v\u00e6lger &#8220;Husk mig&#8221;, vil dit login forts\u00e6tte i to uger. Logger du ud af din konto, vil login-cookien blive fjernet.<\/p>\r\n\r\n\r\n\r\n<p>Hvis du redigerer eller udgiver en artikel, vil der blive gemt en ekstra cookie i din browser. Denne cookie indeholder ingen personlige data, men angiver blot ID\u2019et p\u00e5 det indl\u00e6g, du netop har redigeret. Den udl\u00f8ber efter 1 dag.<\/p>\r\n\r\n\r\n\r\n<h2 class=\"wp-block-heading\">Indlejret indhold fra andre websites<\/h2>\r\n\r\n\r\n\r\n<p><strong class=\"privacy-policy-tutorial\">Foresl\u00e5et tekst: <\/strong>Artikler p\u00e5 dette site kan indeholde indlejret indhold (fx videoer, billeder, artikler m.m.). Indlejret indhold fra andre websites opf\u00f8rer sig p\u00e5 n\u00f8jagtig samme m\u00e5de, som hvis den bes\u00f8gende havde bes\u00f8gt det p\u00e5g\u00e6ldende website direkte.<\/p>\r\n\r\n\r\n\r\n<p>Disse websites kan indsamle data om dig, bruge cookies, indlejre ekstra tredjeparts-tracking og overv\u00e5ge din interaktion med det indlejrede indhold, herunder hvis du har en konto og er logget ind p\u00e5 det p\u00e5g\u00e6ldende website.<\/p>\r\n\r\n\r\n\r\n<h2 class=\"wp-block-heading\">Hvem vi deler dine data med<\/h2>\r\n\r\n\r\n\r\n<p><strong class=\"privacy-policy-tutorial\">Foresl\u00e5et tekst: <\/strong>Hvis du anmoder om nulstilling af adgangskode, vil din IP-adresse blive inkluderet i nulstillingsmailen.<\/p>\r\n\r\n\r\n\r\n<h2 class=\"wp-block-heading\">Hvor l\u00e6nge vi opbevarer dine data<\/h2>\r\n\r\n\r\n\r\n<p><strong class=\"privacy-policy-tutorial\">Foresl\u00e5et tekst: <\/strong>Hvis du skriver en kommentar, bevares kommentaren og dens metadata p\u00e5 ubestemt tid. Dette er for, at vi automatisk kan genkende og godkende opf\u00f8lgende kommentarer i stedet for at lade dem afvente en moderator.<\/p>\r\n\r\n\r\n\r\n<p>For brugere, der registrerer sig p\u00e5 vores website (hvis relevant), gemmer vi ogs\u00e5 de personoplysninger, de opgiver i deres brugerprofil. Alle brugere kan til enhver tid se, redigere eller slette deres personlige informationer (bortset fra brugernavn). Webadministratorer kan ogs\u00e5 se og redigere disse oplysninger.<\/p>\r\n\r\n\r\n\r\n<h2 class=\"wp-block-heading\">Hvilke rettigheder du har over dine data<\/h2>\r\n\r\n\r\n\r\n<p><strong class=\"privacy-policy-tutorial\">Foresl\u00e5et tekst: <\/strong>Hvis du har en konto p\u00e5 dette website eller har skrevet kommentarer, kan du anmode om at modtage en eksporteret fil med de persondata, vi har om dig, herunder alle data, du har givet os. Du kan ogs\u00e5 anmode om, at vi sletter alle personoplysninger, vi har om dig. Dette omfatter ikke data, som vi er forpligtet til at gemme af administrative, juridiske eller sikkerhedsm\u00e6ssige grunde.<\/p>\r\n\r\n\r\n\r\n<h2 class=\"wp-block-heading\">Hvor dine data sendes hen<\/h2>\r\n\r\n\r\n\r\n<p><strong class=\"privacy-policy-tutorial\">Foresl\u00e5et tekst: <\/strong>Bes\u00f8gendes kommentarer kan blive kontrolleret via en automatisk spam-detektionstjeneste.<\/p>\r\n","protected":false},"excerpt":{"rendered":"<p>Hvem vi er Foresl\u00e5et tekst: Vores webadresse er: https:\/\/securesignaledge.com. Kommentarer Foresl\u00e5et tekst: N\u00e5r bes\u00f8gende skriver kommentarer p\u00e5 siden, indsamler vi de data, som vises i kommentarfeltet, samt bes\u00f8gendes IP-adresse og browserens user agent string for at hj\u00e6lpe med at opdage spam. En anonymiseret streng, der er oprettet ud fra din e-mailadresse (ogs\u00e5 kaldet en hash), [&hellip;]<\/p>\n","protected":false},"author":2,"featured_media":0,"parent":0,"menu_order":0,"comment_status":"closed","ping_status":"open","template":"page-privacy.php","meta":{"footnotes":""},"class_list":["post-691","page","type-page","status-publish","hentry"],"yoast_head":"<!-- This site is optimized with the Yoast SEO plugin v25.6 - https:\/\/yoast.com\/wordpress\/plugins\/seo\/ -->\n<title>Secure Signal Edge \u2122 | Offici\u00eble website 2026 | Claim nu!<\/title>\n<meta name=\"robots\" content=\"index, follow, max-snippet:-1, max-image-preview:large, max-video-preview:-1\" \/>\n<meta property=\"og:locale\" content=\"da_DK\" \/>\n<meta property=\"og:site_name\" content=\"Secure Signal Edge\" \/>\n<meta property=\"article:modified_time\" content=\"2025-07-03T12:06:06+00:00\" \/>\n<meta name=\"twitter:card\" content=\"summary_large_image\" \/>\n<meta name=\"twitter:label1\" content=\"Estimeret l\u00e6setid\" \/>\n\t<meta name=\"twitter:data1\" content=\"3 minutter\" \/>\n<!-- \/ Yoast SEO plugin. -->","yoast_head_json":{"title":"Secure Signal Edge \u2122 | Offici\u00eble website 2026 | Claim nu!","robots":{"index":"index","follow":"follow","max-snippet":"max-snippet:-1","max-image-preview":"max-image-preview:large","max-video-preview":"max-video-preview:-1"},"og_locale":"da_DK","og_site_name":"Secure Signal Edge","article_modified_time":"2025-07-03T12:06:06+00:00","twitter_card":"summary_large_image","twitter_misc":{"Estimeret l\u00e6setid":"3 minutter"},"schema":{"@context":"https:\/\/schema.org","@graph":[{"@type":"WebPage","@id":"https:\/\/securesignaledge.com\/da\/privacy-policy\/","url":"https:\/\/securesignaledge.com\/da\/privacy-policy\/","name":"Privatlivspolitik - Secure Signal Edge","isPartOf":{"@id":"https:\/\/securesignaledge.com\/#website"},"datePublished":"2023-06-21T10:53:05+00:00","dateModified":"2025-07-03T12:06:06+00:00","breadcrumb":{"@id":"https:\/\/securesignaledge.com\/da\/privacy-policy\/#breadcrumb"},"inLanguage":"da-DK","potentialAction":[{"@type":"ReadAction","target":["https:\/\/securesignaledge.com\/da\/privacy-policy\/"]}]},{"@type":"BreadcrumbList","@id":"https:\/\/securesignaledge.com\/da\/privacy-policy\/#breadcrumb","itemListElement":[{"@type":"ListItem","position":1,"name":"Home","item":"https:\/\/securesignaledge.com\/"},{"@type":"ListItem","position":2,"name":"Privatlivspolitik"}]},{"@type":"WebSite","@id":"https:\/\/securesignaledge.com\/#website","url":"https:\/\/securesignaledge.com\/","name":"Easy Edge Index","description":"Master Trading, Maximize Earnings [2025]","potentialAction":[{"@type":"SearchAction","target":{"@type":"EntryPoint","urlTemplate":"https:\/\/securesignaledge.com\/?s={search_term_string}"},"query-input":{"@type":"PropertyValueSpecification","valueRequired":true,"valueName":"search_term_string"}}],"inLanguage":"da-DK"}]}},"_links":{"self":[{"href":"https:\/\/securesignaledge.com\/da\/wp-json\/wp\/v2\/pages\/691","targetHints":{"allow":["GET"]}}],"collection":[{"href":"https:\/\/securesignaledge.com\/da\/wp-json\/wp\/v2\/pages"}],"about":[{"href":"https:\/\/securesignaledge.com\/da\/wp-json\/wp\/v2\/types\/page"}],"author":[{"embeddable":true,"href":"https:\/\/securesignaledge.com\/da\/wp-json\/wp\/v2\/users\/2"}],"replies":[{"embeddable":true,"href":"https:\/\/securesignaledge.com\/da\/wp-json\/wp\/v2\/comments?post=691"}],"version-history":[{"count":1,"href":"https:\/\/securesignaledge.com\/da\/wp-json\/wp\/v2\/pages\/691\/revisions"}],"predecessor-version":[{"id":703,"href":"https:\/\/securesignaledge.com\/da\/wp-json\/wp\/v2\/pages\/691\/revisions\/703"}],"wp:attachment":[{"href":"https:\/\/securesignaledge.com\/da\/wp-json\/wp\/v2\/media?parent=691"}],"curies":[{"name":"wp","href":"https:\/\/api.w.org\/{rel}","templated":true}]}}