{"id":767,"date":"2023-06-21T11:29:38","date_gmt":"2023-06-21T11:29:38","guid":{"rendered":"https:\/\/securesignaledge.com\/about-us\/"},"modified":"2025-08-04T16:27:11","modified_gmt":"2025-08-04T16:27:11","slug":"about-us","status":"publish","type":"page","link":"https:\/\/securesignaledge.com\/da\/about-us\/","title":{"rendered":"Om [XYZ] Trading Bot"},"content":{"rendered":"<h2 class=\"text-xl font-bold text-text-100 mt-1 -mb-0.5\">Din automatiserede l\u00f8sning for kryptoprofit<\/h2>\n<p class=\"whitespace-pre-wrap break-words\">Secure Signal Edge er din intelligente partner til automatiseret handel med kryptovaluta. Vi giver almindelige investorer adgang til avanceret AI-teknologi, der genererer profit p\u00e5 kryptomarkedet uden at kr\u00e6ve mange \u00e5rs erfaring med handel. Uanset om du er ny inden for kryptovaluta eller tr\u00e6t af stressen ved manuel handel, h\u00e5ndterer vi kompleksiteten, s\u00e5 du kan nyde resultaterne.<\/p>\n<h2 class=\"text-xl font-bold text-text-100 mt-1 -mb-0.5\">Vores historie<\/h2>\n<p class=\"whitespace-pre-wrap break-words\">Secure Signal Edge blev grundlagt af et team af succesfulde tradere, AI-udviklere og fintech-eksperter med \u00e9n f\u00e6lles mission: At g\u00f8re kryptoprofit tilg\u00e6ngelig for alle gennem intelligent automatisering.<\/p>\n<p class=\"whitespace-pre-wrap break-words\">Vi identificerede et kritisk problem i kryptohandel. Trods det enorme profitpotentiale manglede de fleste tid, viden eller f\u00f8lelsesm\u00e6ssig disciplin til at f\u00e5 succes p\u00e5 de omskiftelige markeder. Traditionel handel kr\u00e6vede konstant opm\u00e6rksomhed, kompleks analyse og mange \u00e5rs erfaring. Vi byggede Secure Signal Edge for at fjerne disse barrierer.<\/p>\n<p class=\"whitespace-pre-wrap break-words\">Vores platform kombinerer avanceret kunstig intelligens med velafpr\u00f8vede handelsalgoritmer. I dag st\u00e5r Secure Signal Edge som et betroet navn inden for automatiseret kryptohandel og genererer l\u00f8bende profit for vores stadigt voksende, globale f\u00e6llesskab af tilfredse investorer.<\/p>\n<h2 class=\"text-xl font-bold text-text-100 mt-1 -mb-0.5\">Kryptovalutaens muligheder<\/h2>\n<p class=\"whitespace-pre-wrap break-words\">Bitcoin blev lanceret i 2009, skabt af Satoshi Nakamoto med en revolutionerende vision: En decentraliseret digital valuta, der fungerer uafh\u00e6ngigt af traditionelle banksystemer.<\/p>\n<p class=\"whitespace-pre-wrap break-words\">Denne innovation introducerede hidtil usete muligheder for profit gennem ekstreme prisudsving. Kryptomarkedet voksede hurtigt efterf\u00f8lgende:<\/p>\n<p class=\"whitespace-pre-wrap break-words\">Ethereum bragte smarte kontrakter og decentral finans. Litecoin, Ripple og Cardano skabte hver deres unikke v\u00e6rditilbud og \u00f8gede profitpotentialet p\u00e5 tv\u00e6rs af forskellige digitale aktiver.<\/p>\n<p class=\"whitespace-pre-wrap break-words\">I dag tilbyder tusindvis af kryptovalutaer d\u00f8gnet rundt handelsmuligheder, som Secure Signal Edge automatisk udnytter for maksimal profit.<\/p>\n<h2 class=\"text-xl font-bold text-text-100 mt-1 -mb-0.5\">Vores tre s\u00f8jler for automatiseret succes<\/h2>\n<h3 class=\"text-lg font-bold text-text-100 mt-1 -mb-1.5\">Automatisering: Teknologi der aldrig sover<\/h3>\n<p class=\"whitespace-pre-wrap break-words\">Vores intelligente system opererer kontinuerligt p\u00e5 tv\u00e6rs af globale kryptomarkeder:<\/p>\n<ul class=\"[&amp;:not(:last-child)_ul]:pb-1 [&amp;:not(:last-child)_ol]:pb-1 list-disc space-y-1.5 pl-7\">\n<li class=\"whitespace-normal break-words\">Markedsanalyse: Overv\u00e5gning i realtid efter profitable muligheder<\/li>\n<li class=\"whitespace-normal break-words\">Smart Eksekvering: Automatisk placering af handler p\u00e5 de optimale tidspunkter<\/li>\n<li class=\"whitespace-normal break-words\">Risikobeskyttelse: Indbyggede sikkerhedsforanstaltninger forhindrer store tab<\/li>\n<li class=\"whitespace-normal break-words\">Profitoptimering: L\u00f8bende justering af strategier for st\u00f8rst muligt afkast<\/li>\n<\/ul>\n<p class=\"whitespace-pre-wrap break-words\">G\u00e5 fra ingen viden om krypto til stabile indt\u00e6gter \u2013 helt automatisk.<\/p>\n<h3 class=\"text-lg font-bold text-text-100 mt-1 -mb-1.5\">Support: Altid til r\u00e5dighed, n\u00e5r du beh\u00f8ver os<\/h3>\n<p class=\"whitespace-pre-wrap break-words\">Bliv en del af vores succesfulde f\u00e6llesskab af automatiserede kryptoinvestorer gennem:<\/p>\n<ul class=\"[&amp;:not(:last-child)_ul]:pb-1 [&amp;:not(:last-child)_ol]:pb-1 list-disc space-y-1.5 pl-7\">\n<li class=\"whitespace-normal break-words\">D\u00f8gn\u00e5ben kundesupport<\/li>\n<li class=\"whitespace-normal break-words\">Ops\u00e6tningshj\u00e6lp til nye brugere<\/li>\n<li class=\"whitespace-normal break-words\">Teknisk support ved problemer<\/li>\n<li class=\"whitespace-normal break-words\">Succesberetninger fra medlemmer med profit<\/li>\n<\/ul>\n<p class=\"whitespace-pre-wrap break-words\">F\u00e5 hj\u00e6lp fra vores ekspertteam, n\u00e5r du beh\u00f8ver det \u2013 uden kompliceret opl\u00e6ring.<\/p>\n<h3 class=\"text-lg font-bold text-text-100 mt-1 -mb-1.5\">Resultater: Din vej til \u00f8konomisk frihed<\/h3>\n<p class=\"whitespace-pre-wrap break-words\">Secure Signal Edge leverer stabile resultater gennem intelligent automatisering:<\/p>\n<ul class=\"[&amp;:not(:last-child)_ul]:pb-1 [&amp;:not(:last-child)_ol]:pb-1 list-disc space-y-1.5 pl-7\">\n<li class=\"whitespace-normal break-words\">Passiv indkomst: Tjen penge mens du sover, arbejder eller rejser<\/li>\n<li class=\"whitespace-normal break-words\">Stressfri handel: Ingen f\u00f8lelsesladede beslutninger eller konstant markedsoverv\u00e5gning n\u00f8dvendig<\/li>\n<li class=\"whitespace-normal break-words\">Diversificeret profit: Automatisk handel p\u00e5 tv\u00e6rs af flere kryptovalutaer<\/li>\n<li class=\"whitespace-normal break-words\">Skalerbart afkast: \u00d8g din indtjening ved at tilf\u00f8je yderligere kapital, efterh\u00e5nden som du ser resultater<\/li>\n<\/ul>\n<p class=\"whitespace-pre-wrap break-words\">Vi leverer mere end blot software \u2013 vi \u00e5bner d\u00f8ren til din kryptorikdom.<\/p>\n<h2 class=\"text-xl font-bold text-text-100 mt-1 -mb-0.5\">Begynd at tjene i dag<\/h2>\n<p class=\"whitespace-pre-wrap break-words\">Uanset dit erfaringsniveau hj\u00e6lper Secure Signal Edge dig med automatisk at tjene p\u00e5 kryptovaluta. Bliv en del af vores globale f\u00e6llesskab, og f\u00e5 adgang til dit \u00f8konomiske potentiale gennem intelligent kryptoomatisering.<\/p>\n","protected":false},"excerpt":{"rendered":"<p>Din automatiserede l\u00f8sning for kryptoprofit er din intelligente partner til automatiseret handel med kryptovaluta. Vi giver almindelige investorer adgang til avanceret AI-teknologi, der genererer profit p\u00e5 kryptomarkedet uden at kr\u00e6ve mange \u00e5rs erfaring med handel. Uanset om du er ny inden for kryptovaluta eller tr\u00e6t af stressen ved manuel handel, h\u00e5ndterer vi kompleksiteten, s\u00e5 du [&hellip;]<\/p>\n","protected":false},"author":2,"featured_media":0,"parent":0,"menu_order":0,"comment_status":"closed","ping_status":"closed","template":"page-about.php","meta":{"footnotes":""},"class_list":["post-767","page","type-page","status-publish","hentry"],"yoast_head":"<!-- This site is optimized with the Yoast SEO plugin v25.6 - https:\/\/yoast.com\/wordpress\/plugins\/seo\/ -->\n<title>Secure Signal Edge \u2122 | Offici\u00eble website 2026 | Claim nu!<\/title>\n<meta name=\"robots\" content=\"index, follow, max-snippet:-1, max-image-preview:large, max-video-preview:-1\" \/>\n<meta property=\"og:locale\" content=\"da_DK\" \/>\n<meta property=\"og:site_name\" content=\"Secure Signal Edge\" \/>\n<meta property=\"article:modified_time\" content=\"2025-08-04T16:27:11+00:00\" \/>\n<meta name=\"twitter:card\" content=\"summary_large_image\" \/>\n<meta name=\"twitter:label1\" content=\"Estimeret l\u00e6setid\" \/>\n\t<meta name=\"twitter:data1\" content=\"3 minutter\" \/>\n<!-- \/ Yoast SEO plugin. -->","yoast_head_json":{"title":"Secure Signal Edge \u2122 | Offici\u00eble website 2026 | Claim nu!","robots":{"index":"index","follow":"follow","max-snippet":"max-snippet:-1","max-image-preview":"max-image-preview:large","max-video-preview":"max-video-preview:-1"},"og_locale":"da_DK","og_site_name":"Secure Signal Edge","article_modified_time":"2025-08-04T16:27:11+00:00","twitter_card":"summary_large_image","twitter_misc":{"Estimeret l\u00e6setid":"3 minutter"},"schema":{"@context":"https:\/\/schema.org","@graph":[{"@type":"WebPage","@id":"https:\/\/securesignaledge.com\/about-us\/","url":"https:\/\/securesignaledge.com\/about-us\/","name":"Om [XYZ] Trading Bot - Secure Signal Edge","isPartOf":{"@id":"https:\/\/securesignaledge.com\/#website"},"datePublished":"2023-06-21T11:29:38+00:00","dateModified":"2025-08-04T16:27:11+00:00","breadcrumb":{"@id":"https:\/\/securesignaledge.com\/about-us\/#breadcrumb"},"inLanguage":"da-DK","potentialAction":[{"@type":"ReadAction","target":["https:\/\/securesignaledge.com\/about-us\/"]}]},{"@type":"BreadcrumbList","@id":"https:\/\/securesignaledge.com\/about-us\/#breadcrumb","itemListElement":[{"@type":"ListItem","position":1,"name":"Home","item":"https:\/\/securesignaledge.com\/"},{"@type":"ListItem","position":2,"name":"Om [XYZ] Trading Bot"}]},{"@type":"WebSite","@id":"https:\/\/securesignaledge.com\/#website","url":"https:\/\/securesignaledge.com\/","name":"Easy Edge Index","description":"Master Trading, Maximize Earnings [2025]","potentialAction":[{"@type":"SearchAction","target":{"@type":"EntryPoint","urlTemplate":"https:\/\/securesignaledge.com\/?s={search_term_string}"},"query-input":{"@type":"PropertyValueSpecification","valueRequired":true,"valueName":"search_term_string"}}],"inLanguage":"da-DK"}]}},"_links":{"self":[{"href":"https:\/\/securesignaledge.com\/da\/wp-json\/wp\/v2\/pages\/767","targetHints":{"allow":["GET"]}}],"collection":[{"href":"https:\/\/securesignaledge.com\/da\/wp-json\/wp\/v2\/pages"}],"about":[{"href":"https:\/\/securesignaledge.com\/da\/wp-json\/wp\/v2\/types\/page"}],"author":[{"embeddable":true,"href":"https:\/\/securesignaledge.com\/da\/wp-json\/wp\/v2\/users\/2"}],"replies":[{"embeddable":true,"href":"https:\/\/securesignaledge.com\/da\/wp-json\/wp\/v2\/comments?post=767"}],"version-history":[{"count":1,"href":"https:\/\/securesignaledge.com\/da\/wp-json\/wp\/v2\/pages\/767\/revisions"}],"predecessor-version":[{"id":780,"href":"https:\/\/securesignaledge.com\/da\/wp-json\/wp\/v2\/pages\/767\/revisions\/780"}],"wp:attachment":[{"href":"https:\/\/securesignaledge.com\/da\/wp-json\/wp\/v2\/media?parent=767"}],"curies":[{"name":"wp","href":"https:\/\/api.w.org\/{rel}","templated":true}]}}