{"id":770,"date":"2023-06-21T11:29:38","date_gmt":"2023-06-21T11:29:38","guid":{"rendered":"https:\/\/securesignaledge.com\/about-us\/"},"modified":"2025-08-04T16:26:26","modified_gmt":"2025-08-04T16:26:26","slug":"about-us","status":"publish","type":"page","link":"https:\/\/securesignaledge.com\/de\/about-us\/","title":{"rendered":"\u00dcber den [XYZ] Trading-Bot"},"content":{"rendered":"<h2 class=\"text-xl font-bold text-text-100 mt-1 -mb-0.5\">Ihre automatisierte L\u00f6sung f\u00fcr Krypto-Gewinne<\/h2>\n<p class=\"whitespace-pre-wrap break-words\">Secure Signal Edge ist Ihr intelligenter Partner f\u00fcr den automatisierten Handel mit Kryptow\u00e4hrungen. Wir erm\u00f6glichen es privaten Anlegern, mit fortschrittlicher KI-Technologie Gewinne an den Kryptom\u00e4rkten zu erzielen \u2013 ganz ohne jahrelange Handelserfahrung. Egal, ob Sie neu in der Welt der Kryptow\u00e4hrungen sind oder genug von dem Stress des manuellen Tradings haben: Wir \u00fcbernehmen die Komplexit\u00e4t, w\u00e4hrend Sie die Ergebnisse genie\u00dfen.<\/p>\n<h2 class=\"text-xl font-bold text-text-100 mt-1 -mb-0.5\">Unsere Geschichte<\/h2>\n<p class=\"whitespace-pre-wrap break-words\">Secure Signal Edge wurde von einem Team erfolgreicher Trader, KI-Entwickler und Experten der Finanztechnologie gegr\u00fcndet. Sie alle vereint eine Mission: Mithilfe intelligenter Automatisierung Krypto-Gewinne f\u00fcr jedermann zug\u00e4nglich zu machen.<\/p>\n<p class=\"whitespace-pre-wrap break-words\">Wir erkannten ein zentrales Problem beim Krypto-Handel: Trotz des enormen Gewinnpotenzials fehlte den meisten Menschen die Zeit, das Wissen oder die emotionale Disziplin, um an volatilen M\u00e4rkten erfolgreich zu sein. Traditioneller Handel erforderte st\u00e4ndige Aufmerksamkeit, komplexe Analysen und jahrelange Erfahrung. Mit Secure Signal Edge wollten wir diese H\u00fcrden beseitigen.<\/p>\n<p class=\"whitespace-pre-wrap break-words\">Unsere Plattform verbindet moderne k\u00fcnstliche Intelligenz mit bew\u00e4hrten Handelsalgorithmen. Heute ist Secure Signal Edge ein vertrauensw\u00fcrdiger Name im automatisierten Krypto-Handel und generiert fortlaufend Gewinne f\u00fcr unsere wachsende, weltweite Gemeinschaft zufriedener Anleger.<\/p>\n<h2 class=\"text-xl font-bold text-text-100 mt-1 -mb-0.5\">Die Krypto-Chance<\/h2>\n<p class=\"whitespace-pre-wrap break-words\">Bitcoin wurde 2009 von Satoshi Nakamoto mit einer revolution\u00e4ren Vision eingef\u00fchrt: eine dezentrale digitale W\u00e4hrung, die unabh\u00e4ngig von traditionellen Bankensystemen funktioniert.<\/p>\n<p class=\"whitespace-pre-wrap break-words\">Diese Innovation brachte noch nie dagewesene Gewinnm\u00f6glichkeiten durch extreme Kursschwankungen. Der Krypto-Markt expandierte daraufhin rasant:<\/p>\n<p class=\"whitespace-pre-wrap break-words\">Ethereum f\u00fchrte Smart Contracts und dezentrale Finanzdienstleistungen ein. Litecoin, Ripple und Cardano schufen jeweils einzigartige Mehrwerte und vervielfachten so das Gewinnpotenzial verschiedenster digitaler Verm\u00f6genswerte.<\/p>\n<p class=\"whitespace-pre-wrap break-words\">Heute bieten tausende Kryptow\u00e4hrungen rund um die Uhr Handelsm\u00f6glichkeiten, die Secure Signal Edge automatisch f\u00fcr maximalen Profit nutzt.<\/p>\n<h2 class=\"text-xl font-bold text-text-100 mt-1 -mb-0.5\">Unsere drei S\u00e4ulen des automatisierten Erfolgs<\/h2>\n<h3 class=\"text-lg font-bold text-text-100 mt-1 -mb-1.5\">Automatisierung: Technologie, die niemals schl\u00e4ft<\/h3>\n<p class=\"whitespace-pre-wrap break-words\">Unser intelligentes System arbeitet ununterbrochen auf den weltweiten Kryptom\u00e4rkten:<\/p>\n<ul class=\"[&amp;:not(:last-child)_ul]:pb-1 [&amp;:not(:last-child)_ol]:pb-1 list-disc space-y-1.5 pl-7\">\n<li class=\"whitespace-normal break-words\">Marktanalyse: Echtzeit-\u00dcberwachung profitabler Handelsm\u00f6glichkeiten<\/li>\n<li class=\"whitespace-normal break-words\">Smarte Ausf\u00fchrung: Automatische Handelsausl\u00f6sung zum besten Zeitpunkt<\/li>\n<li class=\"whitespace-normal break-words\">Risikomanagement: Integrierte Schutzmechanismen gegen gr\u00f6\u00dfere Verluste<\/li>\n<li class=\"whitespace-normal break-words\">Profitoptimierung: Laufende Anpassung der Strategien f\u00fcr maximale Renditen<\/li>\n<\/ul>\n<p class=\"whitespace-pre-wrap break-words\">Starten Sie ohne Vorwissen und erzielen Sie automatisch kontinuierliche Gewinne.<\/p>\n<h3 class=\"text-lg font-bold text-text-100 mt-1 -mb-1.5\">Support: Immer f\u00fcr Sie da<\/h3>\n<p class=\"whitespace-pre-wrap break-words\">Werden Sie Teil unserer erfolgreichen Gemeinschaft automatisierter Krypto-Investoren durch:<\/p>\n<ul class=\"[&amp;:not(:last-child)_ul]:pb-1 [&amp;:not(:last-child)_ol]:pb-1 list-disc space-y-1.5 pl-7\">\n<li class=\"whitespace-normal break-words\">24\/7 Kundensupport<\/li>\n<li class=\"whitespace-normal break-words\">Einrichtungsunterst\u00fctzung f\u00fcr neue Nutzer<\/li>\n<li class=\"whitespace-normal break-words\">Technischer Support bei allen Problemen<\/li>\n<li class=\"whitespace-normal break-words\">Erfolgsgeschichten unserer profitablen Mitglieder<\/li>\n<\/ul>\n<p class=\"whitespace-pre-wrap break-words\">Profitieren Sie jederzeit von unserem Expertenteam \u2013 ohne komplizierte Einarbeitung.<\/p>\n<h3 class=\"text-lg font-bold text-text-100 mt-1 -mb-1.5\">Ergebnisse: Ihr Weg zur finanziellen Freiheit<\/h3>\n<p class=\"whitespace-pre-wrap break-words\">Secure Signal Edge liefert durch intelligente Automatisierung konstant zuverl\u00e4ssige Ergebnisse:<\/p>\n<ul class=\"[&amp;:not(:last-child)_ul]:pb-1 [&amp;:not(:last-child)_ol]:pb-1 list-disc space-y-1.5 pl-7\">\n<li class=\"whitespace-normal break-words\">Passives Einkommen: Verdienen Sie Geld im Schlaf, bei der Arbeit oder auf Reisen<\/li>\n<li class=\"whitespace-normal break-words\">Stressfreies Trading: Keine emotionalen Entscheidungen oder st\u00e4ndiges Marktbeobachten notwendig<\/li>\n<li class=\"whitespace-normal break-words\">Diversifizierte Gewinne: Automatisierter Handel mit verschiedenen Kryptow\u00e4hrungen<\/li>\n<li class=\"whitespace-normal break-words\">Skalierbare Renditen: Steigern Sie Ihre Ertr\u00e4ge durch h\u00f6heren Kapitaleinsatz bei bereits erzielten Erfolgen<\/li>\n<\/ul>\n<p class=\"whitespace-pre-wrap break-words\">Wir bieten mehr als nur Software \u2013 wir er\u00f6ffnen Ihnen den Zugang zu Wohlstand durch Kryptow\u00e4hrungen.<\/p>\n<h2 class=\"text-xl font-bold text-text-100 mt-1 -mb-0.5\">Starten Sie noch heute mit dem Verdienen<\/h2>\n<p class=\"whitespace-pre-wrap break-words\">Unabh\u00e4ngig von Ihrer bisherigen Erfahrung hilft Ihnen Secure Signal Edge, automatisch von Kryptow\u00e4hrungen zu profitieren. Treten Sie unserer globalen Community bei und entfalten Sie Ihr finanzielles Potenzial durch intelligente Krypto-Automatisierung.<\/p>\n","protected":false},"excerpt":{"rendered":"<p>Ihre automatisierte L\u00f6sung f\u00fcr Krypto-Gewinne ist Ihr intelligenter Partner f\u00fcr den automatisierten Handel mit Kryptow\u00e4hrungen. Wir erm\u00f6glichen es privaten Anlegern, mit fortschrittlicher KI-Technologie Gewinne an den Kryptom\u00e4rkten zu erzielen \u2013 ganz ohne jahrelange Handelserfahrung. Egal, ob Sie neu in der Welt der Kryptow\u00e4hrungen sind oder genug von dem Stress des manuellen Tradings haben: Wir \u00fcbernehmen [&hellip;]<\/p>\n","protected":false},"author":2,"featured_media":0,"parent":0,"menu_order":0,"comment_status":"closed","ping_status":"closed","template":"page-about.php","meta":{"footnotes":""},"class_list":["post-770","page","type-page","status-publish","hentry"],"yoast_head":"<!-- This site is optimized with the Yoast SEO plugin v25.6 - https:\/\/yoast.com\/wordpress\/plugins\/seo\/ -->\n<title>Secure Signal Edge \u2122 | Offizielle Website 2026 | Beanspruche jetzt!<\/title>\n<meta name=\"robots\" content=\"index, follow, max-snippet:-1, max-image-preview:large, max-video-preview:-1\" \/>\n<meta property=\"og:locale\" content=\"de_DE\" \/>\n<meta property=\"og:site_name\" content=\"Secure Signal Edge\" \/>\n<meta property=\"article:modified_time\" content=\"2025-08-04T16:26:26+00:00\" \/>\n<meta name=\"twitter:card\" content=\"summary_large_image\" \/>\n<meta name=\"twitter:label1\" content=\"Gesch\u00e4tzte Lesezeit\" \/>\n\t<meta name=\"twitter:data1\" content=\"2\u00a0Minuten\" \/>\n<!-- \/ Yoast SEO plugin. -->","yoast_head_json":{"title":"Secure Signal Edge \u2122 | Offizielle Website 2026 | Beanspruche jetzt!","robots":{"index":"index","follow":"follow","max-snippet":"max-snippet:-1","max-image-preview":"max-image-preview:large","max-video-preview":"max-video-preview:-1"},"og_locale":"de_DE","og_site_name":"Secure Signal Edge","article_modified_time":"2025-08-04T16:26:26+00:00","twitter_card":"summary_large_image","twitter_misc":{"Gesch\u00e4tzte Lesezeit":"2\u00a0Minuten"},"schema":{"@context":"https:\/\/schema.org","@graph":[{"@type":"WebPage","@id":"https:\/\/securesignaledge.com\/about-us\/","url":"https:\/\/securesignaledge.com\/about-us\/","name":"\u00dcber den [XYZ] Trading-Bot - Secure Signal Edge","isPartOf":{"@id":"https:\/\/securesignaledge.com\/#website"},"datePublished":"2023-06-21T11:29:38+00:00","dateModified":"2025-08-04T16:26:26+00:00","breadcrumb":{"@id":"https:\/\/securesignaledge.com\/about-us\/#breadcrumb"},"inLanguage":"de","potentialAction":[{"@type":"ReadAction","target":["https:\/\/securesignaledge.com\/about-us\/"]}]},{"@type":"BreadcrumbList","@id":"https:\/\/securesignaledge.com\/about-us\/#breadcrumb","itemListElement":[{"@type":"ListItem","position":1,"name":"Home","item":"https:\/\/securesignaledge.com\/"},{"@type":"ListItem","position":2,"name":"\u00dcber den [XYZ] Trading-Bot"}]},{"@type":"WebSite","@id":"https:\/\/securesignaledge.com\/#website","url":"https:\/\/securesignaledge.com\/","name":"Easy Edge Index","description":"Master Trading, Maximize Earnings [2025]","potentialAction":[{"@type":"SearchAction","target":{"@type":"EntryPoint","urlTemplate":"https:\/\/securesignaledge.com\/?s={search_term_string}"},"query-input":{"@type":"PropertyValueSpecification","valueRequired":true,"valueName":"search_term_string"}}],"inLanguage":"de"}]}},"_links":{"self":[{"href":"https:\/\/securesignaledge.com\/de\/wp-json\/wp\/v2\/pages\/770","targetHints":{"allow":["GET"]}}],"collection":[{"href":"https:\/\/securesignaledge.com\/de\/wp-json\/wp\/v2\/pages"}],"about":[{"href":"https:\/\/securesignaledge.com\/de\/wp-json\/wp\/v2\/types\/page"}],"author":[{"embeddable":true,"href":"https:\/\/securesignaledge.com\/de\/wp-json\/wp\/v2\/users\/2"}],"replies":[{"embeddable":true,"href":"https:\/\/securesignaledge.com\/de\/wp-json\/wp\/v2\/comments?post=770"}],"version-history":[{"count":1,"href":"https:\/\/securesignaledge.com\/de\/wp-json\/wp\/v2\/pages\/770\/revisions"}],"predecessor-version":[{"id":777,"href":"https:\/\/securesignaledge.com\/de\/wp-json\/wp\/v2\/pages\/770\/revisions\/777"}],"wp:attachment":[{"href":"https:\/\/securesignaledge.com\/de\/wp-json\/wp\/v2\/media?parent=770"}],"curies":[{"name":"wp","href":"https:\/\/api.w.org\/{rel}","templated":true}]}}