{"id":658,"date":"2023-06-21T11:29:38","date_gmt":"2023-06-21T11:29:38","guid":{"rendered":"https:\/\/securesignaledge.com\/contact-us\/"},"modified":"2025-07-03T10:03:04","modified_gmt":"2025-07-03T10:03:04","slug":"contact-us","status":"publish","type":"page","link":"https:\/\/securesignaledge.com\/es\/contact-us\/","title":{"rendered":"Cont\u00e1ctenos"},"content":{"rendered":"<p>\u00bfNecesita ayuda o tiene preguntas? Nuestro equipo est\u00e1 listo para asistirle. Aqu\u00ed le mostramos c\u00f3mo contactarnos:<br \/>\nInformaci\u00f3n de contacto<br \/>\nConsultas comerciales:<br \/>\nPara asociaciones, preguntas de prensa u otros asuntos empresariales:<br \/>\nbusiness@securesignaledge.com<br \/>\nAtenci\u00f3n al cliente:<br \/>\nPara cualquier ayuda o consulta general:<br \/>\nsupport@securesignaledge.com<\/p>\n","protected":false},"excerpt":{"rendered":"<p>\u00bfNecesita ayuda o tiene preguntas? Nuestro equipo est\u00e1 listo para asistirle. Aqu\u00ed le mostramos c\u00f3mo contactarnos: Informaci\u00f3n de contacto Consultas comerciales: Para asociaciones, preguntas de prensa u otros asuntos empresariales: business@securesignaledge.com Atenci\u00f3n al cliente: Para cualquier ayuda o consulta general: support@securesignaledge.com<\/p>\n","protected":false},"author":2,"featured_media":0,"parent":0,"menu_order":0,"comment_status":"closed","ping_status":"closed","template":"page-contact.php","meta":{"footnotes":""},"class_list":["post-658","page","type-page","status-publish","hentry"],"yoast_head":"<!-- This site is optimized with the Yoast SEO plugin v25.6 - https:\/\/yoast.com\/wordpress\/plugins\/seo\/ -->\n<title>Secure Signal Edge \u2122 | Offici\u00eble website 2026 | Claim nu!<\/title>\n<meta name=\"robots\" content=\"index, follow, max-snippet:-1, max-image-preview:large, max-video-preview:-1\" \/>\n<meta property=\"og:locale\" content=\"es_ES\" \/>\n<meta property=\"og:site_name\" content=\"Secure Signal Edge\" \/>\n<meta property=\"article:modified_time\" content=\"2025-07-03T10:03:04+00:00\" \/>\n<meta name=\"twitter:card\" content=\"summary_large_image\" \/>\n<!-- \/ Yoast SEO plugin. -->","yoast_head_json":{"title":"Secure Signal Edge \u2122 | Offici\u00eble website 2026 | Claim nu!","robots":{"index":"index","follow":"follow","max-snippet":"max-snippet:-1","max-image-preview":"max-image-preview:large","max-video-preview":"max-video-preview:-1"},"og_locale":"es_ES","og_site_name":"Secure Signal Edge","article_modified_time":"2025-07-03T10:03:04+00:00","twitter_card":"summary_large_image","schema":{"@context":"https:\/\/schema.org","@graph":[{"@type":"WebPage","@id":"https:\/\/securesignaledge.com\/es\/contact-us\/","url":"https:\/\/securesignaledge.com\/es\/contact-us\/","name":"Cont\u00e1ctenos - Secure Signal Edge","isPartOf":{"@id":"https:\/\/securesignaledge.com\/#website"},"datePublished":"2023-06-21T11:29:38+00:00","dateModified":"2025-07-03T10:03:04+00:00","breadcrumb":{"@id":"https:\/\/securesignaledge.com\/es\/contact-us\/#breadcrumb"},"inLanguage":"es","potentialAction":[{"@type":"ReadAction","target":["https:\/\/securesignaledge.com\/es\/contact-us\/"]}]},{"@type":"BreadcrumbList","@id":"https:\/\/securesignaledge.com\/es\/contact-us\/#breadcrumb","itemListElement":[{"@type":"ListItem","position":1,"name":"Home","item":"https:\/\/securesignaledge.com\/"},{"@type":"ListItem","position":2,"name":"Cont\u00e1ctenos"}]},{"@type":"WebSite","@id":"https:\/\/securesignaledge.com\/#website","url":"https:\/\/securesignaledge.com\/","name":"Easy Edge Index","description":"Master Trading, Maximize Earnings [2025]","potentialAction":[{"@type":"SearchAction","target":{"@type":"EntryPoint","urlTemplate":"https:\/\/securesignaledge.com\/?s={search_term_string}"},"query-input":{"@type":"PropertyValueSpecification","valueRequired":true,"valueName":"search_term_string"}}],"inLanguage":"es"}]}},"_links":{"self":[{"href":"https:\/\/securesignaledge.com\/es\/wp-json\/wp\/v2\/pages\/658","targetHints":{"allow":["GET"]}}],"collection":[{"href":"https:\/\/securesignaledge.com\/es\/wp-json\/wp\/v2\/pages"}],"about":[{"href":"https:\/\/securesignaledge.com\/es\/wp-json\/wp\/v2\/types\/page"}],"author":[{"embeddable":true,"href":"https:\/\/securesignaledge.com\/es\/wp-json\/wp\/v2\/users\/2"}],"replies":[{"embeddable":true,"href":"https:\/\/securesignaledge.com\/es\/wp-json\/wp\/v2\/comments?post=658"}],"version-history":[{"count":1,"href":"https:\/\/securesignaledge.com\/es\/wp-json\/wp\/v2\/pages\/658\/revisions"}],"predecessor-version":[{"id":662,"href":"https:\/\/securesignaledge.com\/es\/wp-json\/wp\/v2\/pages\/658\/revisions\/662"}],"wp:attachment":[{"href":"https:\/\/securesignaledge.com\/es\/wp-json\/wp\/v2\/media?parent=658"}],"curies":[{"name":"wp","href":"https:\/\/api.w.org\/{rel}","templated":true}]}}