{"id":774,"date":"2023-06-21T11:29:38","date_gmt":"2023-06-21T11:29:38","guid":{"rendered":"https:\/\/securesignaledge.com\/about-us\/"},"modified":"2025-08-04T16:26:39","modified_gmt":"2025-08-04T16:26:39","slug":"about-us","status":"publish","type":"page","link":"https:\/\/securesignaledge.com\/es\/about-us\/","title":{"rendered":"Acerca del bot de trading [XYZ]"},"content":{"rendered":"<h2 class=\"text-xl font-bold text-text-100 mt-1 -mb-0.5\">Su soluci\u00f3n automatizada para obtener beneficios en criptomonedas<\/h2>\n<p class=\"whitespace-pre-wrap break-words\">Secure Signal Edge es su socio inteligente para el trading automatizado de criptomonedas. Empoderamos a inversores de todo nivel con tecnolog\u00eda de IA avanzada que genera beneficios en los mercados cripto, sin necesidad de a\u00f1os de experiencia en trading. Tanto si es nuevo en el mundo de las criptomonedas como si est\u00e1 fatigado por el estr\u00e9s del trading manual, nosotros nos encargamos de la complejidad para que usted disfrute de los resultados.<\/p>\n<h2 class=\"text-xl font-bold text-text-100 mt-1 -mb-0.5\">Nuestra historia<\/h2>\n<p class=\"whitespace-pre-wrap break-words\">Secure Signal Edge fue fundada por un equipo de operadores exitosos, desarrolladores de IA y expertos en tecnolog\u00eda financiera, todos unidos por un objetivo com\u00fan: hacer que los beneficios de las criptomonedas sean accesibles para todos mediante la automatizaci\u00f3n inteligente.<\/p>\n<p class=\"whitespace-pre-wrap break-words\">Detectamos un problema fundamental en el trading de criptomonedas. Aunque el potencial de beneficios era enorme, la mayor\u00eda carec\u00eda del tiempo, los conocimientos o la disciplina emocional para prosperar en mercados tan vol\u00e1tiles. El trading tradicional exig\u00eda atenci\u00f3n constante, an\u00e1lisis complejos y a\u00f1os de experiencia. Creamos Secure Signal Edge para eliminar esas barreras.<\/p>\n<p class=\"whitespace-pre-wrap break-words\">Nuestra plataforma combina inteligencia artificial avanzada con algoritmos de trading probados. Hoy, Secure Signal Edge es un nombre de confianza en el trading automatizado de criptomonedas, generando beneficios de forma continua para nuestra creciente comunidad global de inversores satisfechos.<\/p>\n<h2 class=\"text-xl font-bold text-text-100 mt-1 -mb-0.5\">La oportunidad de las criptomonedas<\/h2>\n<p class=\"whitespace-pre-wrap break-words\">Bitcoin se lanz\u00f3 en 2009, creado por Satoshi Nakamoto con una visi\u00f3n revolucionaria: una moneda digital descentralizada que opera independientemente de los sistemas bancarios tradicionales.<\/p>\n<p class=\"whitespace-pre-wrap break-words\">Esta innovaci\u00f3n abri\u00f3 oportunidades de beneficios sin precedentes gracias a su extrema volatilidad. El mercado cripto se expandi\u00f3 r\u00e1pidamente a partir de entonces:<\/p>\n<p class=\"whitespace-pre-wrap break-words\">Ethereum introdujo los contratos inteligentes y las finanzas descentralizadas. Litecoin, Ripple y Cardano aportaron propuestas de valor \u00fanicas, multiplicando el potencial de beneficios en diversos activos digitales.<\/p>\n<p class=\"whitespace-pre-wrap break-words\">Hoy en d\u00eda, miles de criptomonedas ofrecen oportunidades de trading las 24 horas, oportunidades que Secure Signal Edge captura autom\u00e1ticamente para maximizar los beneficios.<\/p>\n<h2 class=\"text-xl font-bold text-text-100 mt-1 -mb-0.5\">Nuestros tres pilares del \u00e9xito automatizado<\/h2>\n<h3 class=\"text-lg font-bold text-text-100 mt-1 -mb-1.5\">Automatizaci\u00f3n: Tecnolog\u00eda que nunca duerme<\/h3>\n<p class=\"whitespace-pre-wrap break-words\">Nuestro sistema inteligente opera de forma continua en los mercados cripto globales:<\/p>\n<ul class=\"[&amp;:not(:last-child)_ul]:pb-1 [&amp;:not(:last-child)_ol]:pb-1 list-disc space-y-1.5 pl-7\">\n<li class=\"whitespace-normal break-words\">An\u00e1lisis de mercado: Exploraci\u00f3n en tiempo real de oportunidades rentables<\/li>\n<li class=\"whitespace-normal break-words\">Ejecuci\u00f3n inteligente: Operaciones autom\u00e1ticas en los momentos \u00f3ptimos<\/li>\n<li class=\"whitespace-normal break-words\">Protecci\u00f3n de riesgos: Salvaguardas integradas que previenen p\u00e9rdidas importantes<\/li>\n<li class=\"whitespace-normal break-words\">Optimizaci\u00f3n de beneficios: Refinamiento continuo de estrategias para el m\u00e1ximo rendimiento<\/li>\n<\/ul>\n<p class=\"whitespace-pre-wrap break-words\">Avance desde cero conocimientos en criptomonedas hasta conseguir beneficios de forma autom\u00e1tica y consistente.<\/p>\n<h3 class=\"text-lg font-bold text-text-100 mt-1 -mb-1.5\">Soporte: Siempre a su lado cuando nos necesita<\/h3>\n<p class=\"whitespace-pre-wrap break-words\">\u00danase a nuestra exitosa comunidad de inversores cripto automatizados a trav\u00e9s de:<\/p>\n<ul class=\"[&amp;:not(:last-child)_ul]:pb-1 [&amp;:not(:last-child)_ol]:pb-1 list-disc space-y-1.5 pl-7\">\n<li class=\"whitespace-normal break-words\">Atenci\u00f3n al cliente 24\/7<\/li>\n<li class=\"whitespace-normal break-words\">Asistencia para la configuraci\u00f3n a nuevos usuarios<\/li>\n<li class=\"whitespace-normal break-words\">Soporte t\u00e9cnico ante cualquier inconveniente<\/li>\n<li class=\"whitespace-normal break-words\">Historias de \u00e9xito de miembros que ya obtienen beneficios<\/li>\n<\/ul>\n<p class=\"whitespace-pre-wrap break-words\">Reciba ayuda de nuestro equipo de expertos siempre que lo necesite, sin necesidad de atravesar largos procesos de aprendizaje.<\/p>\n<h3 class=\"text-lg font-bold text-text-100 mt-1 -mb-1.5\">Resultados: Su camino hacia la libertad financiera<\/h3>\n<p class=\"whitespace-pre-wrap break-words\">Secure Signal Edge le ofrece resultados consistentes mediante automatizaci\u00f3n inteligente:<\/p>\n<ul class=\"[&amp;:not(:last-child)_ul]:pb-1 [&amp;:not(:last-child)_ol]:pb-1 list-disc space-y-1.5 pl-7\">\n<li class=\"whitespace-normal break-words\">Ingresos pasivos: Gane mientras duerme, trabaja o viaja<\/li>\n<li class=\"whitespace-normal break-words\">Trading sin estr\u00e9s: Sin decisiones emocionales ni monitoreo constante del mercado<\/li>\n<li class=\"whitespace-normal break-words\">Beneficios diversificados: Operaci\u00f3n autom\u00e1tica en m\u00faltiples criptomonedas<\/li>\n<li class=\"whitespace-normal break-words\">Rentabilidad escalable: Aumente sus beneficios agregando m\u00e1s capital a medida que obtiene resultados<\/li>\n<\/ul>\n<p class=\"whitespace-pre-wrap break-words\">Ofrecemos mucho m\u00e1s que software: le brindamos su puerta de entrada a la riqueza cripto.<\/p>\n<h2 class=\"text-xl font-bold text-text-100 mt-1 -mb-0.5\">Comience a generar ingresos hoy<\/h2>\n<p class=\"whitespace-pre-wrap break-words\">Sin importar su nivel de experiencia, Secure Signal Edge le ayuda a obtener beneficios en criptomonedas de forma autom\u00e1tica. \u00danase a nuestra comunidad global y libere su potencial financiero gracias a la automatizaci\u00f3n inteligente de criptomonedas.<\/p>\n","protected":false},"excerpt":{"rendered":"<p>Su soluci\u00f3n automatizada para obtener beneficios en criptomonedas es su socio inteligente para el trading automatizado de criptomonedas. Empoderamos a inversores de todo nivel con tecnolog\u00eda de IA avanzada que genera beneficios en los mercados cripto, sin necesidad de a\u00f1os de experiencia en trading. Tanto si es nuevo en el mundo de las criptomonedas como [&hellip;]<\/p>\n","protected":false},"author":2,"featured_media":0,"parent":0,"menu_order":0,"comment_status":"closed","ping_status":"closed","template":"page-about.php","meta":{"footnotes":""},"class_list":["post-774","page","type-page","status-publish","hentry"],"yoast_head":"<!-- This site is optimized with the Yoast SEO plugin v25.6 - https:\/\/yoast.com\/wordpress\/plugins\/seo\/ -->\n<title>Secure Signal Edge \u2122 | Offici\u00eble website 2026 | Claim nu!<\/title>\n<meta name=\"robots\" content=\"index, follow, max-snippet:-1, max-image-preview:large, max-video-preview:-1\" \/>\n<meta property=\"og:locale\" content=\"es_ES\" \/>\n<meta property=\"og:site_name\" content=\"Secure Signal Edge\" \/>\n<meta property=\"article:modified_time\" content=\"2025-08-04T16:26:39+00:00\" \/>\n<meta name=\"twitter:card\" content=\"summary_large_image\" \/>\n<meta name=\"twitter:label1\" content=\"Tiempo de lectura\" \/>\n\t<meta name=\"twitter:data1\" content=\"3 minutos\" \/>\n<!-- \/ Yoast SEO plugin. -->","yoast_head_json":{"title":"Secure Signal Edge \u2122 | Offici\u00eble website 2026 | Claim nu!","robots":{"index":"index","follow":"follow","max-snippet":"max-snippet:-1","max-image-preview":"max-image-preview:large","max-video-preview":"max-video-preview:-1"},"og_locale":"es_ES","og_site_name":"Secure Signal Edge","article_modified_time":"2025-08-04T16:26:39+00:00","twitter_card":"summary_large_image","twitter_misc":{"Tiempo de lectura":"3 minutos"},"schema":{"@context":"https:\/\/schema.org","@graph":[{"@type":"WebPage","@id":"https:\/\/securesignaledge.com\/about-us\/","url":"https:\/\/securesignaledge.com\/about-us\/","name":"Acerca del bot de trading [XYZ] - Secure Signal Edge","isPartOf":{"@id":"https:\/\/securesignaledge.com\/#website"},"datePublished":"2023-06-21T11:29:38+00:00","dateModified":"2025-08-04T16:26:39+00:00","breadcrumb":{"@id":"https:\/\/securesignaledge.com\/about-us\/#breadcrumb"},"inLanguage":"es","potentialAction":[{"@type":"ReadAction","target":["https:\/\/securesignaledge.com\/about-us\/"]}]},{"@type":"BreadcrumbList","@id":"https:\/\/securesignaledge.com\/about-us\/#breadcrumb","itemListElement":[{"@type":"ListItem","position":1,"name":"Home","item":"https:\/\/securesignaledge.com\/"},{"@type":"ListItem","position":2,"name":"Acerca del bot de trading [XYZ]"}]},{"@type":"WebSite","@id":"https:\/\/securesignaledge.com\/#website","url":"https:\/\/securesignaledge.com\/","name":"Easy Edge Index","description":"Master Trading, Maximize Earnings [2025]","potentialAction":[{"@type":"SearchAction","target":{"@type":"EntryPoint","urlTemplate":"https:\/\/securesignaledge.com\/?s={search_term_string}"},"query-input":{"@type":"PropertyValueSpecification","valueRequired":true,"valueName":"search_term_string"}}],"inLanguage":"es"}]}},"_links":{"self":[{"href":"https:\/\/securesignaledge.com\/es\/wp-json\/wp\/v2\/pages\/774","targetHints":{"allow":["GET"]}}],"collection":[{"href":"https:\/\/securesignaledge.com\/es\/wp-json\/wp\/v2\/pages"}],"about":[{"href":"https:\/\/securesignaledge.com\/es\/wp-json\/wp\/v2\/types\/page"}],"author":[{"embeddable":true,"href":"https:\/\/securesignaledge.com\/es\/wp-json\/wp\/v2\/users\/2"}],"replies":[{"embeddable":true,"href":"https:\/\/securesignaledge.com\/es\/wp-json\/wp\/v2\/comments?post=774"}],"version-history":[{"count":1,"href":"https:\/\/securesignaledge.com\/es\/wp-json\/wp\/v2\/pages\/774\/revisions"}],"predecessor-version":[{"id":778,"href":"https:\/\/securesignaledge.com\/es\/wp-json\/wp\/v2\/pages\/774\/revisions\/778"}],"wp:attachment":[{"href":"https:\/\/securesignaledge.com\/es\/wp-json\/wp\/v2\/media?parent=774"}],"curies":[{"name":"wp","href":"https:\/\/api.w.org\/{rel}","templated":true}]}}