{"id":789,"date":"2025-08-04T16:45:12","date_gmt":"2025-08-04T16:45:12","guid":{"rendered":"https:\/\/securesignaledge.com\/?page_id=789"},"modified":"2025-08-04T16:45:12","modified_gmt":"2025-08-04T16:45:12","slug":"o-xyz-trgovackom-robotu","status":"publish","type":"page","link":"https:\/\/securesignaledge.com\/hr\/o-xyz-trgovackom-robotu\/","title":{"rendered":"O [XYZ] Trgova\u010dkom robotu"},"content":{"rendered":"<h2 class=\"text-xl font-bold text-text-100 mt-1 -mb-0.5\">Va\u0161e automatizirano rje\u0161enje za kripto-dobitke<\/h2>\n<p class=\"whitespace-pre-wrap break-words\">Secure Signal Edge je va\u0161 pametni partner za automatizirano trgovanje kriptovalutama. Omogu\u0107ujemo privatnim ulaga\u010dima ostvarivanje dobiti na kripto tr\u017ei\u0161tima uz pomo\u0107 najnaprednije AI tehnologije \u2013 bez potrebe za godinama trgova\u010dkog iskustva. Bez obzira jeste li novi u svijetu kriptovaluta ili vam je dosta stresnog ru\u010dnog trgovanja: mi upravljamo slo\u017eeno\u0161\u0107u, vi u\u017eivate u rezultatima.<\/p>\n<h2 class=\"text-xl font-bold text-text-100 mt-1 -mb-0.5\">Na\u0161a pri\u010da<\/h2>\n<p class=\"whitespace-pre-wrap break-words\">Secure Signal Edge su osnovali iskusni trgovci, AI developeri i fintech stru\u010dnjaci s jedinstvenim ciljem: u\u010diniti kripto-dobitke dostupnima svima putem pametne automatizacije.<\/p>\n<p class=\"whitespace-pre-wrap break-words\">Prepoznali smo glavni problem kod kripto trgovanja: unato\u010d velikom potencijalu za dobit, ve\u0107ini ljudi nedostaje vremena, znanja ili emocionalne discipline da bi se sna\u0161li na volatilnim tr\u017ei\u0161tima. Tradicionalno trgovanje zahtijeva stalnu pa\u017enju, slo\u017eene analize i godine iskustva. Secure Signal Edge je razvijen kako bi uklonio te prepreke.<\/p>\n<p class=\"whitespace-pre-wrap break-words\">Na\u0161a platforma kombinira naprednu umjetnu inteligenciju s provjerenim algoritmima trgovanja. Danas Secure Signal Edge predstavlja pouzdano ime u automatiziranom kripto trgovanju i kontinuirano ostvaruje dobitke za na\u0161u rastu\u0107u, me\u0111unarodnu zajednicu zadovoljnih ulaga\u010da.<\/p>\n<h2 class=\"text-xl font-bold text-text-100 mt-1 -mb-0.5\">Prilika na tr\u017ei\u0161tu kriptovaluta<\/h2>\n<p class=\"whitespace-pre-wrap break-words\">Bitcoin je 2009. godine predstavio Satoshi Nakamoto s revolucionarnom vizijom: decentralizirana digitalna valuta koja djeluje neovisno o tradicionalnim bankarskim sustavima.<\/p>\n<p class=\"whitespace-pre-wrap break-words\">Ova inovacija stvorila je nevi\u0111ene prilike za dobit kroz ekstremne cjenovne oscilacije. Kripto tr\u017ei\u0161te je brzo raslo:<\/p>\n<p class=\"whitespace-pre-wrap break-words\">Ethereum je donio pametne ugovore i decentralizirane financije, dok su Litecoin, Ripple i Cardano ponudili vlastite vrijednosne prijedloge, vi\u0161estruko pove\u0107avaju\u0107i potencijal zarade kroz razli\u010dite digitalne imovine.<\/p>\n<p class=\"whitespace-pre-wrap break-words\">Danas tisu\u0107e kriptovaluta nude mogu\u0107nosti trgovanja 24\/7, koje Secure Signal Edge automatski koristi za maksimalan profit.<\/p>\n<h2 class=\"text-xl font-bold text-text-100 mt-1 -mb-0.5\">Na\u0161a tri stupa automatiziranog uspjeha<\/h2>\n<h3 class=\"text-lg font-bold text-text-100 mt-1 -mb-1.5\">Automatizacija: Tehnologija koja nikad ne spava<\/h3>\n<p class=\"whitespace-pre-wrap break-words\">Na\u0161 pametni sustav aktivan je 24 sata dnevno na globalnim kripto tr\u017ei\u0161tima:<\/p>\n<ul class=\"[&amp;:not(:last-child)_ul]:pb-1 [&amp;:not(:last-child)_ol]:pb-1 list-disc space-y-1.5 pl-7\">\n<li class=\"whitespace-normal break-words\">Analiza tr\u017ei\u0161ta: Prepoznavanje profitabilnih prilika u stvarnom vremenu<\/li>\n<li class=\"whitespace-normal break-words\">Pametna izvedba: Automatsko postavljanje trgovina u optimalnom trenutku<\/li>\n<li class=\"whitespace-normal break-words\">Upravljanje rizikom: Ugra\u0111eni za\u0161titni mehanizmi sprje\u010davaju ve\u0107e gubitke<\/li>\n<li class=\"whitespace-normal break-words\">Maksimizacija profita: Kontinuirana optimizacija strategije za najvi\u0161e prinose<\/li>\n<\/ul>\n<p class=\"whitespace-pre-wrap break-words\">Od nultog znanja o kriptu do stabilne zarade \u2013 potpuno automatizirano.<\/p>\n<h3 class=\"text-lg font-bold text-text-100 mt-1 -mb-1.5\">Podr\u0161ka: Uvijek uz vas kad nas trebate<\/h3>\n<p class=\"whitespace-pre-wrap break-words\">Postanite dio na\u0161e uspje\u0161ne zajednice automatiziranih kripto-ulaga\u010da kroz:<\/p>\n<ul class=\"[&amp;:not(:last-child)_ul]:pb-1 [&amp;:not(:last-child)_ol]:pb-1 list-disc space-y-1.5 pl-7\">\n<li class=\"whitespace-normal break-words\">Korisni\u010dku podr\u0161ku dostupnu 24\/7<\/li>\n<li class=\"whitespace-normal break-words\">Pomo\u0107 pri prvom postavljanju za nove korisnike<\/li>\n<li class=\"whitespace-normal break-words\">Tehni\u010dku podr\u0161ku za sve pote\u0161ko\u0107e<\/li>\n<li class=\"whitespace-normal break-words\">Inspirativne pri\u010de profitabilnih \u010dlanova<\/li>\n<\/ul>\n<p class=\"whitespace-pre-wrap break-words\">Na\u0161 tim stru\u010dnjaka tu je za vas u svakom trenutku \u2013 bez potrebe za kompliciranim predznanjem ili u\u010denjem.<\/p>\n<h3 class=\"text-lg font-bold text-text-100 mt-1 -mb-1.5\">Rezultati: Va\u0161 put prema financijskoj slobodi<\/h3>\n<p class=\"whitespace-pre-wrap break-words\">Secure Signal Edge putem pametne automatizacije kontinuirano donosi pouzdane rezultate:<\/p>\n<ul class=\"[&amp;:not(:last-child)_ul]:pb-1 [&amp;:not(:last-child)_ol]:pb-1 list-disc space-y-1.5 pl-7\">\n<li class=\"whitespace-normal break-words\">Pasivni prihod: Zara\u0111ujte dok spavate, radite ili putujete<\/li>\n<li class=\"whitespace-normal break-words\">Trgovanje bez stresa: Nema emocionalnih odluka ili stalnog pra\u0107enja tr\u017ei\u0161ta<\/li>\n<li class=\"whitespace-normal break-words\">Diversificirana zarada: Automatizirano trgovanje s vi\u0161e kriptovaluta<\/li>\n<li class=\"whitespace-normal break-words\">Skalabilna dobit: Pove\u0107ajte zaradu dodavanjem kapitala prema \u017eelji<\/li>\n<\/ul>\n<p class=\"whitespace-pre-wrap break-words\">Nudimo vi\u0161e od softvera \u2013 pru\u017eamo vam pristup odr\u017eivom kripto-bogatstvu.<\/p>\n<h2 class=\"text-xl font-bold text-text-100 mt-1 -mb-0.5\">Po\u010dnite zara\u0111ivati ve\u0107 danas<\/h2>\n<p class=\"whitespace-pre-wrap break-words\">Bez obzira na va\u0161e prethodno iskustvo, Secure Signal Edge vam poma\u017ee automatski ostvarivati dobit od kriptovaluta. Pridru\u017eite se na\u0161oj globalnoj zajednici i oslobodite svoj financijski potencijal kroz pametnu kripto-automatizaciju.<\/p>\n","protected":false},"excerpt":{"rendered":"<p>Va\u0161e automatizirano rje\u0161enje za kripto-dobitke je va\u0161 pametni partner za automatizirano trgovanje kriptovalutama. Omogu\u0107ujemo privatnim ulaga\u010dima ostvarivanje dobiti na kripto tr\u017ei\u0161tima uz pomo\u0107 najnaprednije AI tehnologije \u2013 bez potrebe za godinama trgova\u010dkog iskustva. Bez obzira jeste li novi u svijetu kriptovaluta ili vam je dosta stresnog ru\u010dnog trgovanja: mi upravljamo slo\u017eeno\u0161\u0107u, vi u\u017eivate u rezultatima. [&hellip;]<\/p>\n","protected":false},"author":1,"featured_media":0,"parent":0,"menu_order":0,"comment_status":"closed","ping_status":"closed","template":"page-about.php","meta":{"footnotes":""},"class_list":["post-789","page","type-page","status-publish","hentry"],"yoast_head":"<!-- This site is optimized with the Yoast SEO plugin v25.6 - https:\/\/yoast.com\/wordpress\/plugins\/seo\/ -->\n<title>Secure Signal Edge \u2122 | Offici\u00eble website 2026 | Claim nu!<\/title>\n<meta name=\"robots\" content=\"index, follow, max-snippet:-1, max-image-preview:large, max-video-preview:-1\" \/>\n<meta property=\"og:locale\" content=\"hr_HR\" \/>\n<meta property=\"og:site_name\" content=\"Secure Signal Edge\" \/>\n<meta name=\"twitter:card\" content=\"summary_large_image\" \/>\n<!-- \/ Yoast SEO plugin. -->","yoast_head_json":{"title":"Secure Signal Edge \u2122 | Offici\u00eble website 2026 | Claim nu!","robots":{"index":"index","follow":"follow","max-snippet":"max-snippet:-1","max-image-preview":"max-image-preview:large","max-video-preview":"max-video-preview:-1"},"og_locale":"hr_HR","og_site_name":"Secure Signal Edge","twitter_card":"summary_large_image","schema":{"@context":"https:\/\/schema.org","@graph":[{"@type":"WebPage","@id":"https:\/\/securesignaledge.com\/hr\/o-xyz-trgovackom-robotu\/","url":"https:\/\/securesignaledge.com\/hr\/o-xyz-trgovackom-robotu\/","name":"O [XYZ] Trgova\u010dkom robotu - Secure Signal Edge","isPartOf":{"@id":"https:\/\/securesignaledge.com\/#website"},"datePublished":"2025-08-04T16:45:12+00:00","breadcrumb":{"@id":"https:\/\/securesignaledge.com\/hr\/o-xyz-trgovackom-robotu\/#breadcrumb"},"inLanguage":"hr","potentialAction":[{"@type":"ReadAction","target":["https:\/\/securesignaledge.com\/hr\/o-xyz-trgovackom-robotu\/"]}]},{"@type":"BreadcrumbList","@id":"https:\/\/securesignaledge.com\/hr\/o-xyz-trgovackom-robotu\/#breadcrumb","itemListElement":[{"@type":"ListItem","position":1,"name":"Home","item":"https:\/\/securesignaledge.com\/"},{"@type":"ListItem","position":2,"name":"O [XYZ] Trgova\u010dkom robotu"}]},{"@type":"WebSite","@id":"https:\/\/securesignaledge.com\/#website","url":"https:\/\/securesignaledge.com\/","name":"Easy Edge Index","description":"Master Trading, Maximize Earnings [2025]","potentialAction":[{"@type":"SearchAction","target":{"@type":"EntryPoint","urlTemplate":"https:\/\/securesignaledge.com\/?s={search_term_string}"},"query-input":{"@type":"PropertyValueSpecification","valueRequired":true,"valueName":"search_term_string"}}],"inLanguage":"hr"}]}},"_links":{"self":[{"href":"https:\/\/securesignaledge.com\/hr\/wp-json\/wp\/v2\/pages\/789","targetHints":{"allow":["GET"]}}],"collection":[{"href":"https:\/\/securesignaledge.com\/hr\/wp-json\/wp\/v2\/pages"}],"about":[{"href":"https:\/\/securesignaledge.com\/hr\/wp-json\/wp\/v2\/types\/page"}],"author":[{"embeddable":true,"href":"https:\/\/securesignaledge.com\/hr\/wp-json\/wp\/v2\/users\/1"}],"replies":[{"embeddable":true,"href":"https:\/\/securesignaledge.com\/hr\/wp-json\/wp\/v2\/comments?post=789"}],"version-history":[{"count":1,"href":"https:\/\/securesignaledge.com\/hr\/wp-json\/wp\/v2\/pages\/789\/revisions"}],"predecessor-version":[{"id":790,"href":"https:\/\/securesignaledge.com\/hr\/wp-json\/wp\/v2\/pages\/789\/revisions\/790"}],"wp:attachment":[{"href":"https:\/\/securesignaledge.com\/hr\/wp-json\/wp\/v2\/media?parent=789"}],"curies":[{"name":"wp","href":"https:\/\/api.w.org\/{rel}","templated":true}]}}