{"id":768,"date":"2023-06-21T11:29:38","date_gmt":"2023-06-21T11:29:38","guid":{"rendered":"https:\/\/securesignaledge.com\/about-us\/"},"modified":"2025-08-04T16:27:26","modified_gmt":"2025-08-04T16:27:26","slug":"about-us","status":"publish","type":"page","link":"https:\/\/securesignaledge.com\/nl\/about-us\/","title":{"rendered":"Over de [XYZ] Trading Bot"},"content":{"rendered":"<h2 class=\"text-xl font-bold text-text-100 mt-1 -mb-0.5\">Uw Geautomatiseerde Oplossing voor Crypto Rendement<\/h2>\n<p class=\"whitespace-pre-wrap break-words\">Secure Signal Edge is uw intelligente partner voor geautomatiseerde cryptohandel. Wij stellen particuliere beleggers in staat om te profiteren van geavanceerde AI-technologie, die winst uit de cryptomarkt genereert zonder dat u jarenlange handelservaring nodig heeft. Of u nu nieuw bent in de wereld van cryptocurrency of vermoeid bent van de stress van handmatig handelen, wij nemen de complexiteit uit handen zodat u kunt genieten van het resultaat.<\/p>\n<h2 class=\"text-xl font-bold text-text-100 mt-1 -mb-0.5\">Ons Verhaal<\/h2>\n<p class=\"whitespace-pre-wrap break-words\">Secure Signal Edge is opgericht door een team van succesvolle handelaren, AI-ontwikkelaars en experts in financi\u00eble technologie, verbonden door \u00e9\u00e9n missie: winst uit cryptocurrency voor iedereen toegankelijk maken door middel van intelligente automatisering.<\/p>\n<p class=\"whitespace-pre-wrap break-words\">Wij herkenden een cruciaal probleem binnen de cryptohandel. Ondanks het enorme winstpotentieel lukte het de meeste mensen niet om succesvol te zijn in volatiele markten, door gebrek aan tijd, kennis of emotionele discipline. Traditionele handel vereiste constante aandacht, complexe analyses en jaren ervaring. Secure Signal Edge is ontwikkeld om deze barri\u00e8res weg te nemen.<\/p>\n<p class=\"whitespace-pre-wrap break-words\">Ons platform combineert geavanceerde kunstmatige intelligentie met bewezen handelsalgoritmes. Vandaag de dag geldt Secure Signal Edge als een vertrouwde naam in geautomatiseerde cryptohandel, en genereren wij voortdurend rendement voor onze groeiende, wereldwijde gemeenschap van tevreden investeerders.<\/p>\n<h2 class=\"text-xl font-bold text-text-100 mt-1 -mb-0.5\">De Kans van Cryptocurrency<\/h2>\n<p class=\"whitespace-pre-wrap break-words\">Bitcoin werd in 2009 gelanceerd door Satoshi Nakamoto met een revolutionaire visie: een gedecentraliseerde digitale valuta, onafhankelijk van traditionele banksystemen.<\/p>\n<p class=\"whitespace-pre-wrap break-words\">Deze innovatie bracht ongekende winstkansen met zich mee door de extreme prijsschommelingen. De cryptomarkt groeide hierna razendsnel:<\/p>\n<p class=\"whitespace-pre-wrap break-words\">Ethereum introduceerde smart contracts en decentrale financi\u00ebn. Litecoin, Ripple en Cardano boden elk unieke waardeproposities, waardoor het winstpotentieel zich vermenigvuldigde over diverse digitale activa.<\/p>\n<p class=\"whitespace-pre-wrap break-words\">Vandaag bieden duizenden cryptocurrencies 24\/7 handelsmogelijkheden, die Secure Signal Edge automatisch benut voor maximaal rendement.<\/p>\n<h2 class=\"text-xl font-bold text-text-100 mt-1 -mb-0.5\">Onze Drie Pijlers voor Geautomatiseerd Succes<\/h2>\n<h3 class=\"text-lg font-bold text-text-100 mt-1 -mb-1.5\">Automatisering: Technologie Die Nooit Slaapt<\/h3>\n<p class=\"whitespace-pre-wrap break-words\">Ons intelligente systeem werkt onafgebroken op wereldwijde cryptomarkten:<\/p>\n<ul class=\"[&amp;:not(:last-child)_ul]:pb-1 [&amp;:not(:last-child)_ol]:pb-1 list-disc space-y-1.5 pl-7\">\n<li class=\"whitespace-normal break-words\">Marktanalyse: Real-time scannen van winstgevende kansen<\/li>\n<li class=\"whitespace-normal break-words\">Slimme Uitvoering: Automatische plaatsing van transacties op optimale momenten<\/li>\n<li class=\"whitespace-normal break-words\">Risicobeheersing: Ingebouwde waarborgen voorkomen grote verliezen<\/li>\n<li class=\"whitespace-normal break-words\">Winstoptimalisatie: Continue strategieverbetering voor maximale opbrengst<\/li>\n<\/ul>\n<p class=\"whitespace-pre-wrap break-words\">Ontwikkel u moeiteloos van geen enkele crypto-kennis tot consistente rendementen.<\/p>\n<h3 class=\"text-lg font-bold text-text-100 mt-1 -mb-1.5\">Ondersteuning: Altijd Bereikbaar Wanneer U Ons Nodig Heeft<\/h3>\n<p class=\"whitespace-pre-wrap break-words\">Sluit u aan bij onze succesvolle gemeenschap van geautomatiseerde crypto-investeerders via:<\/p>\n<ul class=\"[&amp;:not(:last-child)_ul]:pb-1 [&amp;:not(:last-child)_ol]:pb-1 list-disc space-y-1.5 pl-7\">\n<li class=\"whitespace-normal break-words\">24\/7 klantenondersteuning<\/li>\n<li class=\"whitespace-normal break-words\">Hulp bij het opzetten voor nieuwe gebruikers<\/li>\n<li class=\"whitespace-normal break-words\">Technische ondersteuning bij problemen<\/li>\n<li class=\"whitespace-normal break-words\">Succesverhalen van winstgevende leden<\/li>\n<\/ul>\n<p class=\"whitespace-pre-wrap break-words\">Ontvang hulp van ons team van experts wanneer u dat wenst, zonder ingewikkelde leertrajecten.<\/p>\n<h3 class=\"text-lg font-bold text-text-100 mt-1 -mb-1.5\">Resultaten: Uw Stap Naar Financi\u00eble Vrijheid<\/h3>\n<p class=\"whitespace-pre-wrap break-words\">Secure Signal Edge levert consistente resultaten door intelligente automatisering:<\/p>\n<ul class=\"[&amp;:not(:last-child)_ul]:pb-1 [&amp;:not(:last-child)_ol]:pb-1 list-disc space-y-1.5 pl-7\">\n<li class=\"whitespace-normal break-words\">Passief Inkomen: Verdien terwijl u slaapt, werkt of reist<\/li>\n<li class=\"whitespace-normal break-words\">Zorgeloos Handelen: Geen emotionele keuzes of het volgen van de markt vereist<\/li>\n<li class=\"whitespace-normal break-words\">Gediversifieerde Winst: Automatische handel in meerdere cryptocurrencies<\/li>\n<li class=\"whitespace-normal break-words\">Schaalbare Opbrengst: Vergroot uw inkomsten door extra kapitaal toe te voegen naarmate u resultaat ziet<\/li>\n<\/ul>\n<p class=\"whitespace-pre-wrap break-words\">Wij leveren meer dan software\u2014wij bieden uw toegangspoort tot crypto-rijkdom.<\/p>\n<h2 class=\"text-xl font-bold text-text-100 mt-1 -mb-0.5\">Begin Vandaag met Verdienen<\/h2>\n<p class=\"whitespace-pre-wrap break-words\">Ongeacht uw ervaringsniveau helpt Secure Signal Edge u automatisch te profiteren van cryptocurrency. Word lid van onze wereldwijde gemeenschap en ontgrendel uw financi\u00eble potentieel door middel van intelligente crypto-automatisering.<\/p>\n","protected":false},"excerpt":{"rendered":"<p>Uw Geautomatiseerde Oplossing voor Crypto Rendement is uw intelligente partner voor geautomatiseerde cryptohandel. Wij stellen particuliere beleggers in staat om te profiteren van geavanceerde AI-technologie, die winst uit de cryptomarkt genereert zonder dat u jarenlange handelservaring nodig heeft. Of u nu nieuw bent in de wereld van cryptocurrency of vermoeid bent van de stress van [&hellip;]<\/p>\n","protected":false},"author":2,"featured_media":0,"parent":0,"menu_order":0,"comment_status":"closed","ping_status":"closed","template":"page-about.php","meta":{"footnotes":""},"class_list":["post-768","page","type-page","status-publish","hentry"],"yoast_head":"<!-- This site is optimized with the Yoast SEO plugin v25.6 - https:\/\/yoast.com\/wordpress\/plugins\/seo\/ -->\n<title>Secure Signal Edge \u2122 | Offici\u00eble website 2026 | Claim nu!<\/title>\n<meta name=\"robots\" content=\"index, follow, max-snippet:-1, max-image-preview:large, max-video-preview:-1\" \/>\n<meta property=\"og:locale\" content=\"nl_NL\" \/>\n<meta property=\"og:site_name\" content=\"Secure Signal Edge\" \/>\n<meta property=\"article:modified_time\" content=\"2025-08-04T16:27:26+00:00\" \/>\n<meta name=\"twitter:card\" content=\"summary_large_image\" \/>\n<meta name=\"twitter:label1\" content=\"Geschatte leestijd\" \/>\n\t<meta name=\"twitter:data1\" content=\"2 minuten\" \/>\n<!-- \/ Yoast SEO plugin. -->","yoast_head_json":{"title":"Secure Signal Edge \u2122 | Offici\u00eble website 2026 | Claim nu!","robots":{"index":"index","follow":"follow","max-snippet":"max-snippet:-1","max-image-preview":"max-image-preview:large","max-video-preview":"max-video-preview:-1"},"og_locale":"nl_NL","og_site_name":"Secure Signal Edge","article_modified_time":"2025-08-04T16:27:26+00:00","twitter_card":"summary_large_image","twitter_misc":{"Geschatte leestijd":"2 minuten"},"schema":{"@context":"https:\/\/schema.org","@graph":[{"@type":"WebPage","@id":"https:\/\/securesignaledge.com\/about-us\/","url":"https:\/\/securesignaledge.com\/about-us\/","name":"Over de [XYZ] Trading Bot - Secure Signal Edge","isPartOf":{"@id":"https:\/\/securesignaledge.com\/#website"},"datePublished":"2023-06-21T11:29:38+00:00","dateModified":"2025-08-04T16:27:26+00:00","breadcrumb":{"@id":"https:\/\/securesignaledge.com\/about-us\/#breadcrumb"},"inLanguage":"nl-NL","potentialAction":[{"@type":"ReadAction","target":["https:\/\/securesignaledge.com\/about-us\/"]}]},{"@type":"BreadcrumbList","@id":"https:\/\/securesignaledge.com\/about-us\/#breadcrumb","itemListElement":[{"@type":"ListItem","position":1,"name":"Home","item":"https:\/\/securesignaledge.com\/"},{"@type":"ListItem","position":2,"name":"Over de [XYZ] Trading Bot"}]},{"@type":"WebSite","@id":"https:\/\/securesignaledge.com\/#website","url":"https:\/\/securesignaledge.com\/","name":"Easy Edge Index","description":"Master Trading, Maximize Earnings [2025]","potentialAction":[{"@type":"SearchAction","target":{"@type":"EntryPoint","urlTemplate":"https:\/\/securesignaledge.com\/?s={search_term_string}"},"query-input":{"@type":"PropertyValueSpecification","valueRequired":true,"valueName":"search_term_string"}}],"inLanguage":"nl-NL"}]}},"_links":{"self":[{"href":"https:\/\/securesignaledge.com\/nl\/wp-json\/wp\/v2\/pages\/768","targetHints":{"allow":["GET"]}}],"collection":[{"href":"https:\/\/securesignaledge.com\/nl\/wp-json\/wp\/v2\/pages"}],"about":[{"href":"https:\/\/securesignaledge.com\/nl\/wp-json\/wp\/v2\/types\/page"}],"author":[{"embeddable":true,"href":"https:\/\/securesignaledge.com\/nl\/wp-json\/wp\/v2\/users\/2"}],"replies":[{"embeddable":true,"href":"https:\/\/securesignaledge.com\/nl\/wp-json\/wp\/v2\/comments?post=768"}],"version-history":[{"count":1,"href":"https:\/\/securesignaledge.com\/nl\/wp-json\/wp\/v2\/pages\/768\/revisions"}],"predecessor-version":[{"id":781,"href":"https:\/\/securesignaledge.com\/nl\/wp-json\/wp\/v2\/pages\/768\/revisions\/781"}],"wp:attachment":[{"href":"https:\/\/securesignaledge.com\/nl\/wp-json\/wp\/v2\/media?parent=768"}],"curies":[{"name":"wp","href":"https:\/\/api.w.org\/{rel}","templated":true}]}}