{"id":696,"date":"2023-06-21T10:53:05","date_gmt":"2023-06-21T10:53:05","guid":{"rendered":"https:\/\/securesignaledge.com\/privacy-policy\/"},"modified":"2025-07-03T12:07:10","modified_gmt":"2025-07-03T12:07:10","slug":"privacy-policy","status":"publish","type":"page","link":"https:\/\/securesignaledge.com\/pl\/privacy-policy\/","title":{"rendered":"Polityka prywatno\u015bci"},"content":{"rendered":"\n<h2 class=\"wp-block-heading\">Kim jeste\u015bmy<\/h2>\n\n\n\n<p><strong class=\"privacy-policy-tutorial\">Sugerowany tekst: <\/strong>Adres naszej strony internetowej to: https:\/\/securesignaledge.com.<\/p>\n\n\n\n<h2 class=\"wp-block-heading\">Komentarze<\/h2>\n\n\n\n<p><strong class=\"privacy-policy-tutorial\">Sugerowany tekst: <\/strong>Gdy odwiedzaj\u0105cy zostawiaj\u0105 komentarze na stronie, zbieramy dane widoczne w formularzu komentarza, a tak\u017ce adres IP odwiedzaj\u0105cego i podpis jego przegl\u0105darki, co pomaga nam w wykrywaniu spamu.<\/p>\n\n\n\n<p>Zanonimizowany ci\u0105g utworzony z adresu e-mail (nazywany r\u00f3wnie\u017c hashem) mo\u017ce by\u0107 przekazany do us\u0142ugi Gravatar w celu sprawdzenia, czy z niej korzystasz. Polityka prywatno\u015bci us\u0142ugi Gravatar jest dost\u0119pna tutaj: https:\/\/automattic.com\/privacy\/. Po zatwierdzeniu komentarza, Twoje zdj\u0119cie profilowe staje si\u0119 publiczne w kontek\u015bcie Twojego komentarza.<\/p>\n\n\n\n<h2 class=\"wp-block-heading\">Media<\/h2>\n\n\n\n<p><strong class=\"privacy-policy-tutorial\">Sugerowany tekst: <\/strong>Je\u015bli przesy\u0142asz obrazy na stron\u0119 internetow\u0105, powiniene\u015b unika\u0107 przesy\u0142ania plik\u00f3w zawieraj\u0105cych osadzone dane lokalizacyjne (EXIF GPS). Odwiedzaj\u0105cy stron\u0119 mog\u0105 pobra\u0107 i wydoby\u0107 wszelkie dane lokalizacyjne z obraz\u00f3w umieszczonych na stronie.<\/p>\n\n\n\n<h2 class=\"wp-block-heading\">Pliki cookie<\/h2>\n\n\n\n<p><strong class=\"privacy-policy-tutorial\">Sugerowany tekst: <\/strong>Je\u015bli zostawisz komentarz na naszej stronie, mo\u017cesz zdecydowa\u0107 si\u0119 na zapisanie swojego imienia, adresu e-mail i strony internetowej w plikach cookie. To dla Twojej wygody, aby\u015b nie musia\u0142 ponownie wpisywa\u0107 tych danych przy dodawaniu kolejnego komentarza. Te pliki cookie s\u0105 przechowywane przez rok.<\/p>\n\n\n\n<p>Je\u015bli odwiedzisz stron\u0119 logowania, ustawimy tymczasowy plik cookie, aby sprawdzi\u0107, czy Twoja przegl\u0105darka akceptuje pliki cookie. Ten plik cookie nie zawiera danych osobowych i jest usuwany po zamkni\u0119ciu przegl\u0105darki.<\/p>\n\n\n\n<p>Po zalogowaniu si\u0119 zostan\u0105 r\u00f3wnie\u017c ustawione pliki cookie przechowuj\u0105ce Twoje informacje logowania oraz preferencje wy\u015bwietlania ekranu. Pliki cookie zwi\u0105zane z logowaniem s\u0105 wa\u017cne przez dwa dni, a pliki dotycz\u0105ce opcji ekranu przez rok. Je\u015bli wybierzesz opcj\u0119 &#8222;Zapami\u0119taj mnie&#8221;, dane logowania zostan\u0105 zachowane przez dwa tygodnie. Po wylogowaniu pliki cookie logowania zostan\u0105 usuni\u0119te.<\/p>\n\n\n\n<p>Je\u015bli edytujesz lub publikujesz artyku\u0142, dodatkowy plik cookie zostanie zapisany w Twojej przegl\u0105darce. Ten plik nie zawiera danych osobowych i jedynie wskazuje ID edytowanego wpisu. Wygasa po jednym dniu.<\/p>\n\n\n\n<h2 class=\"wp-block-heading\">Osadzone tre\u015bci z innych witryn<\/h2>\n\n\n\n<p><strong class=\"privacy-policy-tutorial\">Sugerowany tekst: <\/strong>Artyku\u0142y na tej stronie mog\u0105 zawiera\u0107 osadzone tre\u015bci (np. filmy, obrazy, artyku\u0142y itp.). Osadzone tre\u015bci z innych stron dzia\u0142aj\u0105 dok\u0142adnie tak samo, jak gdyby u\u017cytkownik odwiedzi\u0142 bezpo\u015brednio tamt\u0105 stron\u0119.<\/p>\n\n\n\n<p>Te strony mog\u0105 zbiera\u0107 informacje o Tobie, u\u017cywa\u0107 plik\u00f3w cookie, umieszcza\u0107 dodatkowe \u015bledzenie stron trzecich oraz monitorowa\u0107 Twoj\u0105 interakcj\u0119 z t\u0105 osadzon\u0105 tre\u015bci\u0105, w tym \u015bledzi\u0107 Twoj\u0105 aktywno\u015b\u0107, je\u015bli masz tam konto i jeste\u015b zalogowany.<\/p>\n\n\n\n<h2 class=\"wp-block-heading\">Komu udost\u0119pniamy Twoje dane<\/h2>\n\n\n\n<p><strong class=\"privacy-policy-tutorial\">Sugerowany tekst: <\/strong>Je\u015bli za\u017c\u0105dasz zresetowania has\u0142a, Tw\u00f3j adres IP zostanie do\u0142\u0105czony do wiadomo\u015bci e-mail z resetem.<\/p>\n\n\n\n<h2 class=\"wp-block-heading\">Jak d\u0142ugo przechowujemy Twoje dane<\/h2>\n\n\n\n<p><strong class=\"privacy-policy-tutorial\">Sugerowany tekst: <\/strong>Je\u015bli zostawisz komentarz, komentarz i jego metadane b\u0119d\u0105 przechowywane bezterminowo. Dzi\u0119ki temu mo\u017cemy automatycznie rozpoznawa\u0107 i zatwierdza\u0107 kolejne komentarze, zamiast kierowa\u0107 je do kolejki moderacji.<\/p>\n\n\n\n<p>Dla u\u017cytkownik\u00f3w, kt\u00f3rzy rejestruj\u0105 si\u0119 na naszej stronie (je\u015bli tacy s\u0105), przechowujemy r\u00f3wnie\u017c dane osobowe podane w ich profilu. Wszyscy u\u017cytkownicy mog\u0105 w ka\u017cdym momencie przegl\u0105da\u0107, edytowa\u0107 lub usuwa\u0107 swoje dane osobowe (z wyj\u0105tkiem zmiany nazwy u\u017cytkownika). Administratorzy strony r\u00f3wnie\u017c maj\u0105 wgl\u0105d i mo\u017cliwo\u015b\u0107 edycji tych informacji.<\/p>\n\n\n\n<h2 class=\"wp-block-heading\">Jakie masz prawa do swoich danych<\/h2>\n\n\n\n<p><strong class=\"privacy-policy-tutorial\">Sugerowany tekst: <\/strong>Je\u015bli posiadasz konto na tej stronie lub zostawi\u0142e\u015b komentarze, mo\u017cesz za\u017c\u0105da\u0107 otrzymania pliku z wyeksportowanymi danymi osobowymi, kt\u00f3re o Tobie przechowujemy, w\u0142\u0105cznie z tymi, kt\u00f3re nam przekaza\u0142e\u015b. Mo\u017cesz tak\u017ce za\u017c\u0105da\u0107 usuni\u0119cia wszelkich danych osobowych, kt\u00f3re przechowujemy na Tw\u00f3j temat. Nie dotyczy to danych, kt\u00f3re jeste\u015bmy zobowi\u0105zani zachowa\u0107 ze wzgl\u0119d\u00f3w administracyjnych, prawnych lub bezpiecze\u0144stwa.<\/p>\n\n\n\n<h2 class=\"wp-block-heading\">Gdzie przesy\u0142ane s\u0105 Twoje dane<\/h2>\n\n\n\n<p><strong class=\"privacy-policy-tutorial\">Sugerowany tekst: <\/strong>Komentarze go\u015bci mog\u0105 by\u0107 sprawdzane za pomoc\u0105 zautomatyzowanej us\u0142ugi wykrywania spamu.<\/p>\n","protected":false},"excerpt":{"rendered":"<p>Kim jeste\u015bmy Sugerowany tekst: Adres naszej strony internetowej to: https:\/\/securesignaledge.com. Komentarze Sugerowany tekst: Gdy odwiedzaj\u0105cy zostawiaj\u0105 komentarze na stronie, zbieramy dane widoczne w formularzu komentarza, a tak\u017ce adres IP odwiedzaj\u0105cego i podpis jego przegl\u0105darki, co pomaga nam w wykrywaniu spamu. Zanonimizowany ci\u0105g utworzony z adresu e-mail (nazywany r\u00f3wnie\u017c hashem) mo\u017ce by\u0107 przekazany do us\u0142ugi Gravatar [&hellip;]<\/p>\n","protected":false},"author":2,"featured_media":0,"parent":0,"menu_order":0,"comment_status":"closed","ping_status":"open","template":"page-privacy.php","meta":{"footnotes":""},"class_list":["post-696","page","type-page","status-publish","hentry"],"yoast_head":"<!-- This site is optimized with the Yoast SEO plugin v25.6 - https:\/\/yoast.com\/wordpress\/plugins\/seo\/ -->\n<title>Secure Signal Edge \u2122 | Offici\u00eble website 2026 | Claim nu!<\/title>\n<meta name=\"robots\" content=\"index, follow, max-snippet:-1, max-image-preview:large, max-video-preview:-1\" \/>\n<meta property=\"og:locale\" content=\"pl_PL\" \/>\n<meta property=\"og:site_name\" content=\"Secure Signal Edge\" \/>\n<meta property=\"article:modified_time\" content=\"2025-07-03T12:07:10+00:00\" \/>\n<meta name=\"twitter:card\" content=\"summary_large_image\" \/>\n<meta name=\"twitter:label1\" content=\"Szacowany czas czytania\" \/>\n\t<meta name=\"twitter:data1\" content=\"3 minuty\" \/>\n<!-- \/ Yoast SEO plugin. -->","yoast_head_json":{"title":"Secure Signal Edge \u2122 | Offici\u00eble website 2026 | Claim nu!","robots":{"index":"index","follow":"follow","max-snippet":"max-snippet:-1","max-image-preview":"max-image-preview:large","max-video-preview":"max-video-preview:-1"},"og_locale":"pl_PL","og_site_name":"Secure Signal Edge","article_modified_time":"2025-07-03T12:07:10+00:00","twitter_card":"summary_large_image","twitter_misc":{"Szacowany czas czytania":"3 minuty"},"schema":{"@context":"https:\/\/schema.org","@graph":[{"@type":"WebPage","@id":"https:\/\/securesignaledge.com\/pl\/privacy-policy\/","url":"https:\/\/securesignaledge.com\/pl\/privacy-policy\/","name":"Polityka prywatno\u015bci - Secure Signal Edge","isPartOf":{"@id":"https:\/\/securesignaledge.com\/#website"},"datePublished":"2023-06-21T10:53:05+00:00","dateModified":"2025-07-03T12:07:10+00:00","breadcrumb":{"@id":"https:\/\/securesignaledge.com\/pl\/privacy-policy\/#breadcrumb"},"inLanguage":"pl-PL","potentialAction":[{"@type":"ReadAction","target":["https:\/\/securesignaledge.com\/pl\/privacy-policy\/"]}]},{"@type":"BreadcrumbList","@id":"https:\/\/securesignaledge.com\/pl\/privacy-policy\/#breadcrumb","itemListElement":[{"@type":"ListItem","position":1,"name":"Home","item":"https:\/\/securesignaledge.com\/"},{"@type":"ListItem","position":2,"name":"Polityka prywatno\u015bci"}]},{"@type":"WebSite","@id":"https:\/\/securesignaledge.com\/#website","url":"https:\/\/securesignaledge.com\/","name":"Easy Edge Index","description":"Master Trading, Maximize Earnings [2025]","potentialAction":[{"@type":"SearchAction","target":{"@type":"EntryPoint","urlTemplate":"https:\/\/securesignaledge.com\/?s={search_term_string}"},"query-input":{"@type":"PropertyValueSpecification","valueRequired":true,"valueName":"search_term_string"}}],"inLanguage":"pl-PL"}]}},"_links":{"self":[{"href":"https:\/\/securesignaledge.com\/pl\/wp-json\/wp\/v2\/pages\/696","targetHints":{"allow":["GET"]}}],"collection":[{"href":"https:\/\/securesignaledge.com\/pl\/wp-json\/wp\/v2\/pages"}],"about":[{"href":"https:\/\/securesignaledge.com\/pl\/wp-json\/wp\/v2\/types\/page"}],"author":[{"embeddable":true,"href":"https:\/\/securesignaledge.com\/pl\/wp-json\/wp\/v2\/users\/2"}],"replies":[{"embeddable":true,"href":"https:\/\/securesignaledge.com\/pl\/wp-json\/wp\/v2\/comments?post=696"}],"version-history":[{"count":1,"href":"https:\/\/securesignaledge.com\/pl\/wp-json\/wp\/v2\/pages\/696\/revisions"}],"predecessor-version":[{"id":707,"href":"https:\/\/securesignaledge.com\/pl\/wp-json\/wp\/v2\/pages\/696\/revisions\/707"}],"wp:attachment":[{"href":"https:\/\/securesignaledge.com\/pl\/wp-json\/wp\/v2\/media?parent=696"}],"curies":[{"name":"wp","href":"https:\/\/api.w.org\/{rel}","templated":true}]}}