{"id":772,"date":"2023-06-21T11:29:38","date_gmt":"2023-06-21T11:29:38","guid":{"rendered":"https:\/\/securesignaledge.com\/about-us\/"},"modified":"2025-08-04T16:28:08","modified_gmt":"2025-08-04T16:28:08","slug":"about-us","status":"publish","type":"page","link":"https:\/\/securesignaledge.com\/pl\/about-us\/","title":{"rendered":"O botach handluj\u0105cych [XYZ]"},"content":{"rendered":"<h2 class=\"text-xl font-bold text-text-100 mt-1 -mb-0.5\">Twoje Zautomatyzowane Rozwi\u0105zanie do Zysku z Kryptowalut<\/h2>\n<p class=\"whitespace-pre-wrap break-words\">Secure Signal Edge to Tw\u00f3j inteligentny partner w dziedzinie zautomatyzowanego handlu kryptowalutami. Udost\u0119pniamy zaawansowan\u0105 technologi\u0119 AI zwyk\u0142ym inwestorom, umo\u017cliwiaj\u0105c generowanie zysk\u00f3w na rynkach kryptowalut bez konieczno\u015bci posiadania wieloletniego do\u015bwiadczenia. Niezale\u017cnie od tego, czy dopiero zaczynasz przygod\u0119 z kryptowalutami, czy masz ju\u017c do\u015b\u0107 stresu zwi\u0105zanego z r\u0119cznym tradingiem, zajmujemy si\u0119 ca\u0142\u0105 z\u0142o\u017cono\u015bci\u0105 procesu, podczas gdy Ty czerpiesz z wynik\u00f3w.<\/p>\n<h2 class=\"text-xl font-bold text-text-100 mt-1 -mb-0.5\">Nasza Historia<\/h2>\n<p class=\"whitespace-pre-wrap break-words\">Secure Signal Edge zosta\u0142o za\u0142o\u017cone przez zesp\u00f3\u0142 odnosz\u0105cych sukcesy trader\u00f3w, programist\u00f3w AI oraz ekspert\u00f3w technologii finansowych, kt\u00f3rych po\u0142\u0105czy\u0142a jedna misja: udost\u0119pni\u0107 zyski z kryptowalut wszystkim dzi\u0119ki inteligentnej automatyzacji.<\/p>\n<p class=\"whitespace-pre-wrap break-words\">Dostrzegli\u015bmy kluczowy problem w handlu kryptowalutami. Pomimo ogromnego potencja\u0142u zysk\u00f3w, wi\u0119kszo\u015bci os\u00f3b brakowa\u0142o czasu, wiedzy lub dyscypliny emocjonalnej, aby odnie\u015b\u0107 sukces na zmiennych rynkach. Tradycyjny trading wymaga\u0142 ci\u0105g\u0142ej uwagi, skomplikowanej analizy i lat do\u015bwiadczenia. Stworzyli\u015bmy Secure Signal Edge, aby wyeliminowa\u0107 te bariery.<\/p>\n<p class=\"whitespace-pre-wrap break-words\">Nasza platforma \u0142\u0105czy zaawansowan\u0105 sztuczn\u0105 inteligencj\u0119 ze sprawdzonymi algorytmami tradingowymi. Dzi\u015b Secure Signal Edge to zaufana marka w obszarze automatycznego handlu kryptowalutami, nieprzerwanie generuj\u0105ca zyski dla rosn\u0105cej, globalnej spo\u0142eczno\u015bci zadowolonych inwestor\u00f3w.<\/p>\n<h2 class=\"text-xl font-bold text-text-100 mt-1 -mb-0.5\">Szansa, Jak\u0105 Daj\u0105 Kryptowaluty<\/h2>\n<p class=\"whitespace-pre-wrap break-words\">Bitcoin zosta\u0142 uruchomiony w 2009 roku przez Satoshi\u2019ego Nakamoto z rewolucyjn\u0105 wizj\u0105: zdecentralizowanej waluty cyfrowej, dzia\u0142aj\u0105cej niezale\u017cnie od tradycyjnych system\u00f3w bankowych.<\/p>\n<p class=\"whitespace-pre-wrap break-words\">Innowacja ta wprowadzi\u0142a bezprecedensowe mo\u017cliwo\u015bci zysk\u00f3w dzi\u0119ki niezwyk\u0142ej zmienno\u015bci cen. Rynek kryptowalut zacz\u0105\u0142 b\u0142yskawicznie si\u0119 rozwija\u0107:<\/p>\n<p class=\"whitespace-pre-wrap break-words\">Ethereum przynios\u0142o inteligentne kontrakty i zdecentralizowane finanse. Litecoin, Ripple i Cardano wnios\u0142y unikalne warto\u015bci, zwi\u0119kszaj\u0105c potencja\u0142 zysk\u00f3w w ramach zr\u00f3\u017cnicowanych aktyw\u00f3w cyfrowych.<\/p>\n<p class=\"whitespace-pre-wrap break-words\">Obecnie tysi\u0105ce kryptowalut oferuje mo\u017cliwo\u015bci handlowe przez 24 godziny na dob\u0119; Secure Signal Edge automatycznie je wykorzystuje, maksymalizuj\u0105c Tw\u00f3j zysk.<\/p>\n<h2 class=\"text-xl font-bold text-text-100 mt-1 -mb-0.5\">Trzy Filary Naszego Zautomatyzowanego Sukcesu<\/h2>\n<h3 class=\"text-lg font-bold text-text-100 mt-1 -mb-1.5\">Automatyzacja: Technologia, Kt\u00f3ra Nigdy Nie \u015api<\/h3>\n<p class=\"whitespace-pre-wrap break-words\">Nasz inteligentny system dzia\u0142a nieprzerwanie na globalnych rynkach kryptowalut:<\/p>\n<ul class=\"[&amp;:not(:last-child)_ul]:pb-1 [&amp;:not(:last-child)_ol]:pb-1 list-disc space-y-1.5 pl-7\">\n<li class=\"whitespace-normal break-words\">Analiza Rynku: Skanowanie w czasie rzeczywistym w poszukiwaniu najbardziej dochodowych okazji<\/li>\n<li class=\"whitespace-normal break-words\">Inteligentna Realizacja: Automatyczne sk\u0142adanie zlece\u0144 w optymalnych momentach<\/li>\n<li class=\"whitespace-normal break-words\">Ochrona Przed Ryzykiem: Wbudowane zabezpieczenia przed du\u017cymi stratami<\/li>\n<li class=\"whitespace-normal break-words\">Optymalizacja Zysk\u00f3w: Sta\u0142e udoskonalanie strategii dla maksymalnych rezultat\u00f3w<\/li>\n<\/ul>\n<p class=\"whitespace-pre-wrap break-words\">Przejd\u017a od braku wiedzy o kryptowalutach do regularnych zysk\u00f3w w pe\u0142ni automatycznie.<\/p>\n<h3 class=\"text-lg font-bold text-text-100 mt-1 -mb-1.5\">Wsparcie: Zawsze Jeste\u015bmy, Gdy Nas Potrzebujesz<\/h3>\n<p class=\"whitespace-pre-wrap break-words\">Do\u0142\u0105cz do naszej odnosz\u0105cej sukcesy spo\u0142eczno\u015bci zautomatyzowanych inwestor\u00f3w poprzez:<\/p>\n<ul class=\"[&amp;:not(:last-child)_ul]:pb-1 [&amp;:not(:last-child)_ol]:pb-1 list-disc space-y-1.5 pl-7\">\n<li class=\"whitespace-normal break-words\">Ca\u0142odobowe wsparcie klienta<\/li>\n<li class=\"whitespace-normal break-words\">Pomoc przy konfiguracji dla nowych u\u017cytkownik\u00f3w<\/li>\n<li class=\"whitespace-normal break-words\">Wsparcie techniczne w przypadku problem\u00f3w<\/li>\n<li class=\"whitespace-normal break-words\">Historie sukcesu naszych zyskownych cz\u0142onk\u00f3w<\/li>\n<\/ul>\n<p class=\"whitespace-pre-wrap break-words\">Skorzystaj z pomocy naszego zespo\u0142u ekspert\u00f3w zawsze, kiedy tego potrzebujesz\u2014bez zb\u0119dnej nauki i skomplikowanych proces\u00f3w.<\/p>\n<h3 class=\"text-lg font-bold text-text-100 mt-1 -mb-1.5\">Rezultaty: Twoja Droga do Wolno\u015bci Finansowej<\/h3>\n<p class=\"whitespace-pre-wrap break-words\">Secure Signal Edge zapewnia regularne zyski dzi\u0119ki inteligentnej automatyzacji:<\/p>\n<ul class=\"[&amp;:not(:last-child)_ul]:pb-1 [&amp;:not(:last-child)_ol]:pb-1 list-disc space-y-1.5 pl-7\">\n<li class=\"whitespace-normal break-words\">Doch\u00f3d pasywny: Zarabiaj, gdy \u015bpisz, pracujesz lub podr\u00f3\u017cujesz<\/li>\n<li class=\"whitespace-normal break-words\">Handel bez stresu: Bez emocjonalnych decyzji i ci\u0105g\u0142ego \u015bledzenia rynku<\/li>\n<li class=\"whitespace-normal break-words\">Zdywersyfikowane zyski: Automatyczny trading wieloma kryptowalutami<\/li>\n<li class=\"whitespace-normal break-words\">Skalowalne rezultaty: Zwi\u0119kszaj swoje zyski, dok\u0142adaj\u0105c kapita\u0142, gdy zobaczysz rezultaty<\/li>\n<\/ul>\n<p class=\"whitespace-pre-wrap break-words\">Oferujemy co\u015b wi\u0119cej ni\u017c samo oprogramowanie\u2014dostarczamy drog\u0119 do bogactwa w \u015bwiecie kryptowalut.<\/p>\n<h2 class=\"text-xl font-bold text-text-100 mt-1 -mb-0.5\">Zacznij Zarabia\u0107 Ju\u017c Dzi\u015b<\/h2>\n<p class=\"whitespace-pre-wrap break-words\">Niezale\u017cnie od Twojego poziomu do\u015bwiadczenia, Secure Signal Edge pozwala Ci automatycznie czerpa\u0107 zyski z kryptowalut. Do\u0142\u0105cz do naszej globalnej spo\u0142eczno\u015bci i odblokuj sw\u00f3j potencja\u0142 finansowy dzi\u0119ki inteligentnej automatyzacji handlu kryptowalutami.<\/p>\n","protected":false},"excerpt":{"rendered":"<p>Twoje Zautomatyzowane Rozwi\u0105zanie do Zysku z Kryptowalut to Tw\u00f3j inteligentny partner w dziedzinie zautomatyzowanego handlu kryptowalutami. Udost\u0119pniamy zaawansowan\u0105 technologi\u0119 AI zwyk\u0142ym inwestorom, umo\u017cliwiaj\u0105c generowanie zysk\u00f3w na rynkach kryptowalut bez konieczno\u015bci posiadania wieloletniego do\u015bwiadczenia. Niezale\u017cnie od tego, czy dopiero zaczynasz przygod\u0119 z kryptowalutami, czy masz ju\u017c do\u015b\u0107 stresu zwi\u0105zanego z r\u0119cznym tradingiem, zajmujemy si\u0119 ca\u0142\u0105 z\u0142o\u017cono\u015bci\u0105 [&hellip;]<\/p>\n","protected":false},"author":2,"featured_media":0,"parent":0,"menu_order":0,"comment_status":"closed","ping_status":"closed","template":"page-about.php","meta":{"footnotes":""},"class_list":["post-772","page","type-page","status-publish","hentry"],"yoast_head":"<!-- This site is optimized with the Yoast SEO plugin v25.6 - https:\/\/yoast.com\/wordpress\/plugins\/seo\/ -->\n<title>Secure Signal Edge \u2122 | Offici\u00eble website 2026 | Claim nu!<\/title>\n<meta name=\"robots\" content=\"index, follow, max-snippet:-1, max-image-preview:large, max-video-preview:-1\" \/>\n<meta property=\"og:locale\" content=\"pl_PL\" \/>\n<meta property=\"og:site_name\" content=\"Secure Signal Edge\" \/>\n<meta property=\"article:modified_time\" content=\"2025-08-04T16:28:08+00:00\" \/>\n<meta name=\"twitter:card\" content=\"summary_large_image\" \/>\n<meta name=\"twitter:label1\" content=\"Szacowany czas czytania\" \/>\n\t<meta name=\"twitter:data1\" content=\"3 minuty\" \/>\n<!-- \/ Yoast SEO plugin. -->","yoast_head_json":{"title":"Secure Signal Edge \u2122 | Offici\u00eble website 2026 | Claim nu!","robots":{"index":"index","follow":"follow","max-snippet":"max-snippet:-1","max-image-preview":"max-image-preview:large","max-video-preview":"max-video-preview:-1"},"og_locale":"pl_PL","og_site_name":"Secure Signal Edge","article_modified_time":"2025-08-04T16:28:08+00:00","twitter_card":"summary_large_image","twitter_misc":{"Szacowany czas czytania":"3 minuty"},"schema":{"@context":"https:\/\/schema.org","@graph":[{"@type":"WebPage","@id":"https:\/\/securesignaledge.com\/about-us\/","url":"https:\/\/securesignaledge.com\/about-us\/","name":"O botach handluj\u0105cych [XYZ] - Secure Signal Edge","isPartOf":{"@id":"https:\/\/securesignaledge.com\/#website"},"datePublished":"2023-06-21T11:29:38+00:00","dateModified":"2025-08-04T16:28:08+00:00","breadcrumb":{"@id":"https:\/\/securesignaledge.com\/about-us\/#breadcrumb"},"inLanguage":"pl-PL","potentialAction":[{"@type":"ReadAction","target":["https:\/\/securesignaledge.com\/about-us\/"]}]},{"@type":"BreadcrumbList","@id":"https:\/\/securesignaledge.com\/about-us\/#breadcrumb","itemListElement":[{"@type":"ListItem","position":1,"name":"Home","item":"https:\/\/securesignaledge.com\/"},{"@type":"ListItem","position":2,"name":"O botach handluj\u0105cych [XYZ]"}]},{"@type":"WebSite","@id":"https:\/\/securesignaledge.com\/#website","url":"https:\/\/securesignaledge.com\/","name":"Easy Edge Index","description":"Master Trading, Maximize Earnings [2025]","potentialAction":[{"@type":"SearchAction","target":{"@type":"EntryPoint","urlTemplate":"https:\/\/securesignaledge.com\/?s={search_term_string}"},"query-input":{"@type":"PropertyValueSpecification","valueRequired":true,"valueName":"search_term_string"}}],"inLanguage":"pl-PL"}]}},"_links":{"self":[{"href":"https:\/\/securesignaledge.com\/pl\/wp-json\/wp\/v2\/pages\/772","targetHints":{"allow":["GET"]}}],"collection":[{"href":"https:\/\/securesignaledge.com\/pl\/wp-json\/wp\/v2\/pages"}],"about":[{"href":"https:\/\/securesignaledge.com\/pl\/wp-json\/wp\/v2\/types\/page"}],"author":[{"embeddable":true,"href":"https:\/\/securesignaledge.com\/pl\/wp-json\/wp\/v2\/users\/2"}],"replies":[{"embeddable":true,"href":"https:\/\/securesignaledge.com\/pl\/wp-json\/wp\/v2\/comments?post=772"}],"version-history":[{"count":1,"href":"https:\/\/securesignaledge.com\/pl\/wp-json\/wp\/v2\/pages\/772\/revisions"}],"predecessor-version":[{"id":783,"href":"https:\/\/securesignaledge.com\/pl\/wp-json\/wp\/v2\/pages\/772\/revisions\/783"}],"wp:attachment":[{"href":"https:\/\/securesignaledge.com\/pl\/wp-json\/wp\/v2\/media?parent=772"}],"curies":[{"name":"wp","href":"https:\/\/api.w.org\/{rel}","templated":true}]}}