{"id":659,"date":"2023-06-21T11:29:38","date_gmt":"2023-06-21T11:29:38","guid":{"rendered":"https:\/\/securesignaledge.com\/contact-us\/"},"modified":"2025-07-03T10:03:21","modified_gmt":"2025-07-03T10:03:21","slug":"contact-us","status":"publish","type":"page","link":"https:\/\/securesignaledge.com\/sv\/contact-us\/","title":{"rendered":"Kontakta oss"},"content":{"rendered":"<p>Beh\u00f6ver du hj\u00e4lp eller har du fr\u00e5gor? V\u00e5rt team finns h\u00e4r f\u00f6r att hj\u00e4lpa dig. S\u00e5 h\u00e4r n\u00e5r du oss:<br \/>\nKontaktinformation<br \/>\nAff\u00e4rsf\u00f6rfr\u00e5gningar:<br \/>\nF\u00f6r partnerskap, mediefr\u00e5gor eller andra aff\u00e4rs\u00e4renden:<br \/>\nbusiness@securesignaledge.com<br \/>\nKundsupport:<br \/>\nF\u00f6r hj\u00e4lp eller allm\u00e4nna fr\u00e5gor:<br \/>\nsupport@securesignaledge.com<\/p>\n","protected":false},"excerpt":{"rendered":"<p>Beh\u00f6ver du hj\u00e4lp eller har du fr\u00e5gor? V\u00e5rt team finns h\u00e4r f\u00f6r att hj\u00e4lpa dig. S\u00e5 h\u00e4r n\u00e5r du oss: Kontaktinformation Aff\u00e4rsf\u00f6rfr\u00e5gningar: F\u00f6r partnerskap, mediefr\u00e5gor eller andra aff\u00e4rs\u00e4renden: business@securesignaledge.com Kundsupport: F\u00f6r hj\u00e4lp eller allm\u00e4nna fr\u00e5gor: support@securesignaledge.com<\/p>\n","protected":false},"author":2,"featured_media":0,"parent":0,"menu_order":0,"comment_status":"closed","ping_status":"closed","template":"page-contact.php","meta":{"footnotes":""},"class_list":["post-659","page","type-page","status-publish","hentry"],"yoast_head":"<!-- This site is optimized with the Yoast SEO plugin v25.6 - https:\/\/yoast.com\/wordpress\/plugins\/seo\/ -->\n<title>Secure Signal Edge \u2122 | Offici\u00eble website 2026 | Claim nu!<\/title>\n<meta name=\"robots\" content=\"index, follow, max-snippet:-1, max-image-preview:large, max-video-preview:-1\" \/>\n<meta property=\"og:locale\" content=\"sv_SE\" \/>\n<meta property=\"og:site_name\" content=\"Secure Signal Edge\" \/>\n<meta property=\"article:modified_time\" content=\"2025-07-03T10:03:21+00:00\" \/>\n<meta name=\"twitter:card\" content=\"summary_large_image\" \/>\n<!-- \/ Yoast SEO plugin. -->","yoast_head_json":{"title":"Secure Signal Edge \u2122 | Offici\u00eble website 2026 | Claim nu!","robots":{"index":"index","follow":"follow","max-snippet":"max-snippet:-1","max-image-preview":"max-image-preview:large","max-video-preview":"max-video-preview:-1"},"og_locale":"sv_SE","og_site_name":"Secure Signal Edge","article_modified_time":"2025-07-03T10:03:21+00:00","twitter_card":"summary_large_image","schema":{"@context":"https:\/\/schema.org","@graph":[{"@type":"WebPage","@id":"https:\/\/securesignaledge.com\/sv\/contact-us\/","url":"https:\/\/securesignaledge.com\/sv\/contact-us\/","name":"Kontakta oss - Secure Signal Edge","isPartOf":{"@id":"https:\/\/securesignaledge.com\/#website"},"datePublished":"2023-06-21T11:29:38+00:00","dateModified":"2025-07-03T10:03:21+00:00","breadcrumb":{"@id":"https:\/\/securesignaledge.com\/sv\/contact-us\/#breadcrumb"},"inLanguage":"sv-SE","potentialAction":[{"@type":"ReadAction","target":["https:\/\/securesignaledge.com\/sv\/contact-us\/"]}]},{"@type":"BreadcrumbList","@id":"https:\/\/securesignaledge.com\/sv\/contact-us\/#breadcrumb","itemListElement":[{"@type":"ListItem","position":1,"name":"Home","item":"https:\/\/securesignaledge.com\/"},{"@type":"ListItem","position":2,"name":"Kontakta oss"}]},{"@type":"WebSite","@id":"https:\/\/securesignaledge.com\/#website","url":"https:\/\/securesignaledge.com\/","name":"Easy Edge Index","description":"Master Trading, Maximize Earnings [2025]","potentialAction":[{"@type":"SearchAction","target":{"@type":"EntryPoint","urlTemplate":"https:\/\/securesignaledge.com\/?s={search_term_string}"},"query-input":{"@type":"PropertyValueSpecification","valueRequired":true,"valueName":"search_term_string"}}],"inLanguage":"sv-SE"}]}},"_links":{"self":[{"href":"https:\/\/securesignaledge.com\/sv\/wp-json\/wp\/v2\/pages\/659","targetHints":{"allow":["GET"]}}],"collection":[{"href":"https:\/\/securesignaledge.com\/sv\/wp-json\/wp\/v2\/pages"}],"about":[{"href":"https:\/\/securesignaledge.com\/sv\/wp-json\/wp\/v2\/types\/page"}],"author":[{"embeddable":true,"href":"https:\/\/securesignaledge.com\/sv\/wp-json\/wp\/v2\/users\/2"}],"replies":[{"embeddable":true,"href":"https:\/\/securesignaledge.com\/sv\/wp-json\/wp\/v2\/comments?post=659"}],"version-history":[{"count":1,"href":"https:\/\/securesignaledge.com\/sv\/wp-json\/wp\/v2\/pages\/659\/revisions"}],"predecessor-version":[{"id":669,"href":"https:\/\/securesignaledge.com\/sv\/wp-json\/wp\/v2\/pages\/659\/revisions\/669"}],"wp:attachment":[{"href":"https:\/\/securesignaledge.com\/sv\/wp-json\/wp\/v2\/media?parent=659"}],"curies":[{"name":"wp","href":"https:\/\/api.w.org\/{rel}","templated":true}]}}