{"id":699,"date":"2023-06-21T10:53:05","date_gmt":"2023-06-21T10:53:05","guid":{"rendered":"https:\/\/securesignaledge.com\/privacy-policy\/"},"modified":"2025-07-03T12:07:47","modified_gmt":"2025-07-03T12:07:47","slug":"privacy-policy","status":"publish","type":"page","link":"https:\/\/securesignaledge.com\/sv\/privacy-policy\/","title":{"rendered":"Integritetspolicy"},"content":{"rendered":"\n<h2 class=\"wp-block-heading\">Vilka vi \u00e4r<\/h2>\n\n\n\n<p><strong class=\"privacy-policy-tutorial\">F\u00f6reslagen text: <\/strong>V\u00e5r webbplatsadress \u00e4r: https:\/\/securesignaledge.com.<\/p>\n\n\n\n<h2 class=\"wp-block-heading\">Kommentarer<\/h2>\n\n\n\n<p><strong class=\"privacy-policy-tutorial\">F\u00f6reslagen text: <\/strong>N\u00e4r bes\u00f6kare l\u00e4mnar kommentarer p\u00e5 webbplatsen samlar vi in de uppgifter som visas i kommentarformul\u00e4ret, samt bes\u00f6karens IP-adress och webbl\u00e4sarens anv\u00e4ndaragentstr\u00e4ng f\u00f6r att hj\u00e4lpa till att uppt\u00e4cka skr\u00e4ppost.<\/p>\n\n\n\n<p>En anonymiserad str\u00e4ng som skapats fr\u00e5n din e-postadress (\u00e4ven kallad en hash) kan tillhandah\u00e5llas till Gravatar-tj\u00e4nsten f\u00f6r att se om du anv\u00e4nder den. Gravatars integritetspolicy finns h\u00e4r: https:\/\/automattic.com\/privacy\/. Efter att din kommentar har godk\u00e4nts \u00e4r din profilbild synlig f\u00f6r allm\u00e4nheten i samband med din kommentar.<\/p>\n\n\n\n<h2 class=\"wp-block-heading\">Media<\/h2>\n\n\n\n<p><strong class=\"privacy-policy-tutorial\">F\u00f6reslagen text: <\/strong>Om du laddar upp bilder till webbplatsen b\u00f6r du undvika att ladda upp bilder med inb\u00e4ddad platsdata (EXIF GPS). Bes\u00f6kare p\u00e5 webbplatsen kan ladda ner och extrahera all platsdata fr\u00e5n bilderna p\u00e5 webbplatsen.<\/p>\n\n\n\n<h2 class=\"wp-block-heading\">Cookies<\/h2>\n\n\n\n<p><strong class=\"privacy-policy-tutorial\">F\u00f6reslagen text: <\/strong>Om du l\u00e4mnar en kommentar p\u00e5 v\u00e5r webbplats kan du v\u00e4lja att spara ditt namn, e-postadress och webbplats i cookies. Detta \u00e4r f\u00f6r din bekv\u00e4mlighet s\u00e5 att du inte beh\u00f6ver fylla i dina uppgifter igen n\u00e4sta g\u00e5ng du l\u00e4mnar en kommentar. Dessa cookies varar i ett \u00e5r.<\/p>\n\n\n\n<p>Om du bes\u00f6ker v\u00e5r inloggningssida kommer vi att st\u00e4lla in en tempor\u00e4r cookie f\u00f6r att avg\u00f6ra om din webbl\u00e4sare accepterar cookies. Denna cookie inneh\u00e5ller ingen personlig information och raderas n\u00e4r du st\u00e4nger din webbl\u00e4sare.<\/p>\n\n\n\n<p>N\u00e4r du loggar in kommer vi \u00e4ven att st\u00e4lla in flera cookies f\u00f6r att spara din inloggningsinformation och dina val f\u00f6r sk\u00e4rminst\u00e4llningar. Inloggningscookies varar i tv\u00e5 dagar, och cookies f\u00f6r sk\u00e4rmalternativ varar i ett \u00e5r. Om du v\u00e4ljer &#8221;Kom ih\u00e5g mig&#8221; kommer din inloggning att finnas kvar i tv\u00e5 veckor. Om du loggar ut fr\u00e5n ditt konto tas inloggningscookies bort.<\/p>\n\n\n\n<p>Om du redigerar eller publicerar en artikel sparas en ytterligare cookie i din webbl\u00e4sare. Denna cookie inneh\u00e5ller ingen personlig information och anger enbart inl\u00e4ggs-ID f\u00f6r den artikel du just redigerat. Den upph\u00f6r att g\u00e4lla efter en dag.<\/p>\n\n\n\n<h2 class=\"wp-block-heading\">Inb\u00e4ddat inneh\u00e5ll fr\u00e5n andra webbplatser<\/h2>\n\n\n\n<p><strong class=\"privacy-policy-tutorial\">F\u00f6reslagen text: <\/strong>Artiklar p\u00e5 denna webbplats kan inneh\u00e5lla inb\u00e4ddat inneh\u00e5ll (t.ex. videor, bilder, artiklar etc.). Inb\u00e4ddat inneh\u00e5ll fr\u00e5n andra webbplatser beter sig p\u00e5 exakt samma s\u00e4tt som om bes\u00f6karen hade bes\u00f6kt den andra webbplatsen.<\/p>\n\n\n\n<p>Dessa webbplatser kan samla in information om dig, anv\u00e4nda cookies, b\u00e4dda in ytterligare sp\u00e5rning fr\u00e5n tredje part och \u00f6vervaka din interaktion med det inb\u00e4ddade inneh\u00e5llet, inklusive n\u00e4r du har ett konto och \u00e4r inloggad p\u00e5 den webbplatsen.<\/p>\n\n\n\n<h2 class=\"wp-block-heading\">Vem vi delar din data med<\/h2>\n\n\n\n<p><strong class=\"privacy-policy-tutorial\">F\u00f6reslagen text: <\/strong>Om du beg\u00e4r en \u00e5terst\u00e4llning av l\u00f6senord kommer din IP-adress att inkluderas i \u00e5terst\u00e4llningsmejlet.<\/p>\n\n\n\n<h2 class=\"wp-block-heading\">Hur l\u00e4nge vi beh\u00e5ller din data<\/h2>\n\n\n\n<p><strong class=\"privacy-policy-tutorial\">F\u00f6reslagen text: <\/strong>Om du l\u00e4mnar en kommentar sparas kommentaren och dess metadata p\u00e5 obest\u00e4md tid. Detta f\u00f6r att vi automatiskt ska kunna k\u00e4nna igen och godk\u00e4nna eventuella uppf\u00f6ljande kommentarer ist\u00e4llet f\u00f6r att h\u00e5lla dem i en moderationsk\u00f6.<\/p>\n\n\n\n<p>F\u00f6r anv\u00e4ndare som registrerar sig p\u00e5 v\u00e5r webbplats (om n\u00e5gra), lagrar vi \u00e4ven den personliga information de anger i sin anv\u00e4ndarprofil. Alla anv\u00e4ndare kan se, redigera eller radera sin personliga information n\u00e4r som helst (dock kan de inte \u00e4ndra sitt anv\u00e4ndarnamn). Webbplatsadministrat\u00f6rer kan ocks\u00e5 se och redigera denna information.<\/p>\n\n\n\n<h2 class=\"wp-block-heading\">Vilka r\u00e4ttigheter du har \u00f6ver din data<\/h2>\n\n\n\n<p><strong class=\"privacy-policy-tutorial\">F\u00f6reslagen text: <\/strong>Om du har ett konto p\u00e5 denna webbplats, eller har l\u00e4mnat kommentarer, kan du beg\u00e4ra att f\u00e5 en exporterad fil med de personuppgifter vi har om dig, inklusive alla uppgifter du har l\u00e4mnat till oss. Du kan ocks\u00e5 beg\u00e4ra att vi tar bort alla personuppgifter vi har om dig. Detta inkluderar ej data som vi \u00e4r skyldiga att spara av administrativa, juridiska eller s\u00e4kerhetsm\u00e4ssiga sk\u00e4l.<\/p>\n\n\n\n<h2 class=\"wp-block-heading\">Vart din data skickas<\/h2>\n\n\n\n<p><strong class=\"privacy-policy-tutorial\">F\u00f6reslagen text: <\/strong>Bes\u00f6kares kommentarer kan kontrolleras via en automatiserad tj\u00e4nst f\u00f6r skr\u00e4ppostuppt\u00e4ckt.<\/p>\n","protected":false},"excerpt":{"rendered":"<p>Vilka vi \u00e4r F\u00f6reslagen text: V\u00e5r webbplatsadress \u00e4r: https:\/\/securesignaledge.com. Kommentarer F\u00f6reslagen text: N\u00e4r bes\u00f6kare l\u00e4mnar kommentarer p\u00e5 webbplatsen samlar vi in de uppgifter som visas i kommentarformul\u00e4ret, samt bes\u00f6karens IP-adress och webbl\u00e4sarens anv\u00e4ndaragentstr\u00e4ng f\u00f6r att hj\u00e4lpa till att uppt\u00e4cka skr\u00e4ppost. En anonymiserad str\u00e4ng som skapats fr\u00e5n din e-postadress (\u00e4ven kallad en hash) kan tillhandah\u00e5llas till [&hellip;]<\/p>\n","protected":false},"author":2,"featured_media":0,"parent":0,"menu_order":0,"comment_status":"closed","ping_status":"open","template":"page-privacy.php","meta":{"footnotes":""},"class_list":["post-699","page","type-page","status-publish","hentry"],"yoast_head":"<!-- This site is optimized with the Yoast SEO plugin v25.6 - https:\/\/yoast.com\/wordpress\/plugins\/seo\/ -->\n<title>Secure Signal Edge \u2122 | Offici\u00eble website 2026 | Claim nu!<\/title>\n<meta name=\"robots\" content=\"index, follow, max-snippet:-1, max-image-preview:large, max-video-preview:-1\" \/>\n<meta property=\"og:locale\" content=\"sv_SE\" \/>\n<meta property=\"og:site_name\" content=\"Secure Signal Edge\" \/>\n<meta property=\"article:modified_time\" content=\"2025-07-03T12:07:47+00:00\" \/>\n<meta name=\"twitter:card\" content=\"summary_large_image\" \/>\n<meta name=\"twitter:label1\" content=\"Ber\u00e4knad l\u00e4stid\" \/>\n\t<meta name=\"twitter:data1\" content=\"4 minuter\" \/>\n<!-- \/ Yoast SEO plugin. -->","yoast_head_json":{"title":"Secure Signal Edge \u2122 | Offici\u00eble website 2026 | Claim nu!","robots":{"index":"index","follow":"follow","max-snippet":"max-snippet:-1","max-image-preview":"max-image-preview:large","max-video-preview":"max-video-preview:-1"},"og_locale":"sv_SE","og_site_name":"Secure Signal Edge","article_modified_time":"2025-07-03T12:07:47+00:00","twitter_card":"summary_large_image","twitter_misc":{"Ber\u00e4knad l\u00e4stid":"4 minuter"},"schema":{"@context":"https:\/\/schema.org","@graph":[{"@type":"WebPage","@id":"https:\/\/securesignaledge.com\/sv\/privacy-policy\/","url":"https:\/\/securesignaledge.com\/sv\/privacy-policy\/","name":"Integritetspolicy - Secure Signal Edge","isPartOf":{"@id":"https:\/\/securesignaledge.com\/#website"},"datePublished":"2023-06-21T10:53:05+00:00","dateModified":"2025-07-03T12:07:47+00:00","breadcrumb":{"@id":"https:\/\/securesignaledge.com\/sv\/privacy-policy\/#breadcrumb"},"inLanguage":"sv-SE","potentialAction":[{"@type":"ReadAction","target":["https:\/\/securesignaledge.com\/sv\/privacy-policy\/"]}]},{"@type":"BreadcrumbList","@id":"https:\/\/securesignaledge.com\/sv\/privacy-policy\/#breadcrumb","itemListElement":[{"@type":"ListItem","position":1,"name":"Home","item":"https:\/\/securesignaledge.com\/"},{"@type":"ListItem","position":2,"name":"Integritetspolicy"}]},{"@type":"WebSite","@id":"https:\/\/securesignaledge.com\/#website","url":"https:\/\/securesignaledge.com\/","name":"Easy Edge Index","description":"Master Trading, Maximize Earnings [2025]","potentialAction":[{"@type":"SearchAction","target":{"@type":"EntryPoint","urlTemplate":"https:\/\/securesignaledge.com\/?s={search_term_string}"},"query-input":{"@type":"PropertyValueSpecification","valueRequired":true,"valueName":"search_term_string"}}],"inLanguage":"sv-SE"}]}},"_links":{"self":[{"href":"https:\/\/securesignaledge.com\/sv\/wp-json\/wp\/v2\/pages\/699","targetHints":{"allow":["GET"]}}],"collection":[{"href":"https:\/\/securesignaledge.com\/sv\/wp-json\/wp\/v2\/pages"}],"about":[{"href":"https:\/\/securesignaledge.com\/sv\/wp-json\/wp\/v2\/types\/page"}],"author":[{"embeddable":true,"href":"https:\/\/securesignaledge.com\/sv\/wp-json\/wp\/v2\/users\/2"}],"replies":[{"embeddable":true,"href":"https:\/\/securesignaledge.com\/sv\/wp-json\/wp\/v2\/comments?post=699"}],"version-history":[{"count":1,"href":"https:\/\/securesignaledge.com\/sv\/wp-json\/wp\/v2\/pages\/699\/revisions"}],"predecessor-version":[{"id":709,"href":"https:\/\/securesignaledge.com\/sv\/wp-json\/wp\/v2\/pages\/699\/revisions\/709"}],"wp:attachment":[{"href":"https:\/\/securesignaledge.com\/sv\/wp-json\/wp\/v2\/media?parent=699"}],"curies":[{"name":"wp","href":"https:\/\/api.w.org\/{rel}","templated":true}]}}