{"id":775,"date":"2023-06-21T11:29:38","date_gmt":"2023-06-21T11:29:38","guid":{"rendered":"https:\/\/securesignaledge.com\/about-us\/"},"modified":"2025-08-04T16:29:13","modified_gmt":"2025-08-04T16:29:13","slug":"about-us","status":"publish","type":"page","link":"https:\/\/securesignaledge.com\/sv\/about-us\/","title":{"rendered":"Om [XYZ] Trading Bot"},"content":{"rendered":"<h2 class=\"text-xl font-bold text-text-100 mt-1 -mb-0.5\">Din automatiserade l\u00f6sning f\u00f6r kryptovinster<\/h2>\n<p class=\"whitespace-pre-wrap break-words\">Secure Signal Edge \u00e4r din intelligenta partner f\u00f6r automatiserad handel med kryptovalutor. Med v\u00e5r avancerade AI-teknologi ger vi vardagliga investerare m\u00f6jlighet att generera vinster p\u00e5 kryptomarknaden utan att beh\u00f6va \u00e5ratal av tradingerfarenhet. Oavsett om du \u00e4r ny inom kryptovalutor eller tr\u00f6tt p\u00e5 stressen av manuell handel, tar vi hand om komplexiteten s\u00e5 att du kan njuta av resultaten.<\/p>\n<h2 class=\"text-xl font-bold text-text-100 mt-1 -mb-0.5\">V\u00e5r ber\u00e4ttelse<\/h2>\n<p class=\"whitespace-pre-wrap break-words\">Secure Signal Edge grundades av ett team av erfarna traders, AI-utvecklare och experter inom finansiell teknologi, f\u00f6renade av ett gemensamt m\u00e5l: att g\u00f6ra kryptovinster tillg\u00e4ngliga f\u00f6r alla genom intelligent automation.<\/p>\n<p class=\"whitespace-pre-wrap break-words\">Vi s\u00e5g ett avg\u00f6rande problem inom kryptohandel. Trots den stora vinstpotentialen saknade de flesta tiden, kunskapen eller den k\u00e4nslom\u00e4ssiga disciplinen som kr\u00e4vs f\u00f6r att lyckas p\u00e5 de volatila marknaderna. Traditionell handel kr\u00e4vde st\u00e4ndig uppm\u00e4rksamhet, komplex analys och flera \u00e5rs erfarenhet. Vi skapade Secure Signal Edge f\u00f6r att eliminera dessa hinder.<\/p>\n<p class=\"whitespace-pre-wrap break-words\">V\u00e5r plattform kombinerar avancerad artificiell intelligens med bepr\u00f6vade handelsalgoritmer. Idag \u00e4r Secure Signal Edge ett respekterat namn inom automatiserad kryptohandel, som kontinuerligt genererar vinster f\u00f6r v\u00e5rt v\u00e4xande, globala n\u00e4tverk av n\u00f6jda investerare.<\/p>\n<h2 class=\"text-xl font-bold text-text-100 mt-1 -mb-0.5\">Kryptovalutans m\u00f6jligheter<\/h2>\n<p class=\"whitespace-pre-wrap break-words\">Bitcoin lanserades 2009 av Satoshi Nakamoto med en banbrytande vision: en decentraliserad digital valuta som opererar oberoende av traditionella banksystem.<\/p>\n<p class=\"whitespace-pre-wrap break-words\">Denna innovation introducerade unika vinstm\u00f6jligheter tack vare de kraftiga prisr\u00f6relserna. Kryptomarknaden expanderade snabbt d\u00e4refter:<\/p>\n<p class=\"whitespace-pre-wrap break-words\">Ethereum tillf\u00f6rde smarta kontrakt och decentraliserad finans. Litecoin, Ripple och Cardano skapade alla egna unika v\u00e4rdeerbjudanden och \u00f6kade d\u00e4rmed vinstpotentialen \u00f6ver olika digitala tillg\u00e5ngar.<\/p>\n<p class=\"whitespace-pre-wrap break-words\">Idag erbjuder tusentals kryptovalutor handel dygnet runt, n\u00e5got som Secure Signal Edge automatiskt utnyttjar f\u00f6r att maximera dina vinster.<\/p>\n<h2 class=\"text-xl font-bold text-text-100 mt-1 -mb-0.5\">V\u00e5ra tre pelare f\u00f6r automatiserad framg\u00e5ng<\/h2>\n<h3 class=\"text-lg font-bold text-text-100 mt-1 -mb-1.5\">Automation: Teknik som aldrig sover<\/h3>\n<p class=\"whitespace-pre-wrap break-words\">V\u00e5rt intelligenta system arbetar oavbrutet p\u00e5 de globala kryptomarknaderna:<\/p>\n<ul class=\"[&amp;:not(:last-child)_ul]:pb-1 [&amp;:not(:last-child)_ol]:pb-1 list-disc space-y-1.5 pl-7\">\n<li class=\"whitespace-normal break-words\">Marknadsanalys: Realtidsskanning av l\u00f6nsamma m\u00f6jligheter<\/li>\n<li class=\"whitespace-normal break-words\">Smart orderl\u00e4ggning: Automatiska aff\u00e4rer vid optimala tillf\u00e4llen<\/li>\n<li class=\"whitespace-normal break-words\">Riskhantering: Inbyggda skydd som f\u00f6rhindrar stora f\u00f6rluster<\/li>\n<li class=\"whitespace-normal break-words\">Vinstoptimering: Kontinuerlig strategiutveckling f\u00f6r h\u00f6gsta m\u00f6jliga avkastning<\/li>\n<\/ul>\n<p class=\"whitespace-pre-wrap break-words\">G\u00e5 fr\u00e5n ingen kunskap om krypto till stabila vinster \u2013 helt automatiskt.<\/p>\n<h3 class=\"text-lg font-bold text-text-100 mt-1 -mb-1.5\">Support: Alltid tillg\u00e4ngliga n\u00e4r du beh\u00f6ver oss<\/h3>\n<p class=\"whitespace-pre-wrap break-words\">Bli en del av v\u00e5rt framg\u00e5ngsrika investerarn\u00e4tverk inom automatiserad kryptohandel via:<\/p>\n<ul class=\"[&amp;:not(:last-child)_ul]:pb-1 [&amp;:not(:last-child)_ol]:pb-1 list-disc space-y-1.5 pl-7\">\n<li class=\"whitespace-normal break-words\">Kundsupport dygnet runt<\/li>\n<li class=\"whitespace-normal break-words\">Hj\u00e4lp med uppstart f\u00f6r nya anv\u00e4ndare<\/li>\n<li class=\"whitespace-normal break-words\">Teknisk support vid eventuella problem<\/li>\n<li class=\"whitespace-normal break-words\">Erfarenheter och tips fr\u00e5n l\u00f6nsamma medlemmar<\/li>\n<\/ul>\n<p class=\"whitespace-pre-wrap break-words\">F\u00e5 hj\u00e4lp av v\u00e5rt expertteam n\u00e4rhelst du beh\u00f6ver, utan att det kr\u00e4vs n\u00e5gon omfattande inl\u00e4rning.<\/p>\n<h3 class=\"text-lg font-bold text-text-100 mt-1 -mb-1.5\">Resultat: Din v\u00e4g till ekonomisk frihet<\/h3>\n<p class=\"whitespace-pre-wrap break-words\">Secure Signal Edge levererar stadiga resultat genom intelligent automation:<\/p>\n<ul class=\"[&amp;:not(:last-child)_ul]:pb-1 [&amp;:not(:last-child)_ol]:pb-1 list-disc space-y-1.5 pl-7\">\n<li class=\"whitespace-normal break-words\">Passiv inkomst: Tj\u00e4na pengar medan du sover, arbetar eller reser<\/li>\n<li class=\"whitespace-normal break-words\">Stressfri handel: Inga k\u00e4nslom\u00e4ssiga beslut eller st\u00e4ndig marknadsbevakning kr\u00e4vs<\/li>\n<li class=\"whitespace-normal break-words\">Diversifierade vinster: Automatisk handel i flera olika kryptovalutor<\/li>\n<li class=\"whitespace-normal break-words\">Skalbara avkastningar: \u00d6ka intj\u00e4ningen genom att l\u00e4gga till mer kapital n\u00e4r resultaten kommer<\/li>\n<\/ul>\n<p class=\"whitespace-pre-wrap break-words\">Vi erbjuder mer \u00e4n bara mjukvara \u2013 vi \u00f6ppnar d\u00f6rren till din krypto-f\u00f6rm\u00f6genhet.<\/p>\n<h2 class=\"text-xl font-bold text-text-100 mt-1 -mb-0.5\">B\u00f6rja tj\u00e4na redan idag<\/h2>\n<p class=\"whitespace-pre-wrap break-words\">Oavsett din erfarenhetsniv\u00e5 hj\u00e4lper Secure Signal Edge dig att automatiskt dra nytta av kryptovaluta. Bli en del av v\u00e5rt globala n\u00e4tverk och frig\u00f6r din ekonomiska potential med intelligent kryptohandel.<\/p>\n","protected":false},"excerpt":{"rendered":"<p>Din automatiserade l\u00f6sning f\u00f6r kryptovinster \u00e4r din intelligenta partner f\u00f6r automatiserad handel med kryptovalutor. Med v\u00e5r avancerade AI-teknologi ger vi vardagliga investerare m\u00f6jlighet att generera vinster p\u00e5 kryptomarknaden utan att beh\u00f6va \u00e5ratal av tradingerfarenhet. Oavsett om du \u00e4r ny inom kryptovalutor eller tr\u00f6tt p\u00e5 stressen av manuell handel, tar vi hand om komplexiteten s\u00e5 att [&hellip;]<\/p>\n","protected":false},"author":2,"featured_media":0,"parent":0,"menu_order":0,"comment_status":"closed","ping_status":"closed","template":"page-about.php","meta":{"footnotes":""},"class_list":["post-775","page","type-page","status-publish","hentry"],"yoast_head":"<!-- This site is optimized with the Yoast SEO plugin v25.6 - https:\/\/yoast.com\/wordpress\/plugins\/seo\/ -->\n<title>Secure Signal Edge \u2122 | Offici\u00eble website 2026 | Claim nu!<\/title>\n<meta name=\"robots\" content=\"index, follow, max-snippet:-1, max-image-preview:large, max-video-preview:-1\" \/>\n<meta property=\"og:locale\" content=\"sv_SE\" \/>\n<meta property=\"og:site_name\" content=\"Secure Signal Edge\" \/>\n<meta property=\"article:modified_time\" content=\"2025-08-04T16:29:13+00:00\" \/>\n<meta name=\"twitter:card\" content=\"summary_large_image\" \/>\n<meta name=\"twitter:label1\" content=\"Ber\u00e4knad l\u00e4stid\" \/>\n\t<meta name=\"twitter:data1\" content=\"2 minuter\" \/>\n<!-- \/ Yoast SEO plugin. -->","yoast_head_json":{"title":"Secure Signal Edge \u2122 | Offici\u00eble website 2026 | Claim nu!","robots":{"index":"index","follow":"follow","max-snippet":"max-snippet:-1","max-image-preview":"max-image-preview:large","max-video-preview":"max-video-preview:-1"},"og_locale":"sv_SE","og_site_name":"Secure Signal Edge","article_modified_time":"2025-08-04T16:29:13+00:00","twitter_card":"summary_large_image","twitter_misc":{"Ber\u00e4knad l\u00e4stid":"2 minuter"},"schema":{"@context":"https:\/\/schema.org","@graph":[{"@type":"WebPage","@id":"https:\/\/securesignaledge.com\/about-us\/","url":"https:\/\/securesignaledge.com\/about-us\/","name":"Om [XYZ] Trading Bot - Secure Signal Edge","isPartOf":{"@id":"https:\/\/securesignaledge.com\/#website"},"datePublished":"2023-06-21T11:29:38+00:00","dateModified":"2025-08-04T16:29:13+00:00","breadcrumb":{"@id":"https:\/\/securesignaledge.com\/about-us\/#breadcrumb"},"inLanguage":"sv-SE","potentialAction":[{"@type":"ReadAction","target":["https:\/\/securesignaledge.com\/about-us\/"]}]},{"@type":"BreadcrumbList","@id":"https:\/\/securesignaledge.com\/about-us\/#breadcrumb","itemListElement":[{"@type":"ListItem","position":1,"name":"Home","item":"https:\/\/securesignaledge.com\/"},{"@type":"ListItem","position":2,"name":"Om [XYZ] Trading Bot"}]},{"@type":"WebSite","@id":"https:\/\/securesignaledge.com\/#website","url":"https:\/\/securesignaledge.com\/","name":"Easy Edge Index","description":"Master Trading, Maximize Earnings [2025]","potentialAction":[{"@type":"SearchAction","target":{"@type":"EntryPoint","urlTemplate":"https:\/\/securesignaledge.com\/?s={search_term_string}"},"query-input":{"@type":"PropertyValueSpecification","valueRequired":true,"valueName":"search_term_string"}}],"inLanguage":"sv-SE"}]}},"_links":{"self":[{"href":"https:\/\/securesignaledge.com\/sv\/wp-json\/wp\/v2\/pages\/775","targetHints":{"allow":["GET"]}}],"collection":[{"href":"https:\/\/securesignaledge.com\/sv\/wp-json\/wp\/v2\/pages"}],"about":[{"href":"https:\/\/securesignaledge.com\/sv\/wp-json\/wp\/v2\/types\/page"}],"author":[{"embeddable":true,"href":"https:\/\/securesignaledge.com\/sv\/wp-json\/wp\/v2\/users\/2"}],"replies":[{"embeddable":true,"href":"https:\/\/securesignaledge.com\/sv\/wp-json\/wp\/v2\/comments?post=775"}],"version-history":[{"count":2,"href":"https:\/\/securesignaledge.com\/sv\/wp-json\/wp\/v2\/pages\/775\/revisions"}],"predecessor-version":[{"id":786,"href":"https:\/\/securesignaledge.com\/sv\/wp-json\/wp\/v2\/pages\/775\/revisions\/786"}],"wp:attachment":[{"href":"https:\/\/securesignaledge.com\/sv\/wp-json\/wp\/v2\/media?parent=775"}],"curies":[{"name":"wp","href":"https:\/\/api.w.org\/{rel}","templated":true}]}}